{"id":10,"date":"2023-10-17T09:33:03","date_gmt":"2023-10-17T07:33:03","guid":{"rendered":"https:\/\/coraliemua.fr\/index.php\/panier\/"},"modified":"2023-10-26T11:17:04","modified_gmt":"2023-10-26T09:17:04","slug":"panier","status":"publish","type":"page","link":"https:\/\/coraliemua.fr\/index.php\/panier\/","title":{"rendered":"Panier"},"content":{"rendered":"\t\t<div data-elementor-type=\"wp-page\" data-elementor-id=\"10\" class=\"elementor elementor-10\">\n\t\t\t\t<div class=\"elementor-element elementor-element-c6ab85e elementor-hidden-tablet elementor-hidden-mobile e-flex e-con-boxed e-con e-parent\" data-id=\"c6ab85e\" data-element_type=\"container\">\n\t\t\t\t\t<div class=\"e-con-inner\">\n\t\t\t\t<div class=\"elementor-element elementor-element-da2e419 elementor-widget elementor-widget-heading\" data-id=\"da2e419\" data-element_type=\"widget\" data-widget_type=\"heading.default\">\n\t\t\t\t<div class=\"elementor-widget-container\">\n\t\t\t\t\t<h2 class=\"elementor-heading-title elementor-size-default\">MON PANIER<\/h2>\t\t\t\t<\/div>\n\t\t\t\t<\/div>\n\t\t\t\t\t<\/div>\n\t\t\t\t<\/div>\n\t\t<div class=\"elementor-element elementor-element-335f79f elementor-hidden-desktop e-flex e-con-boxed e-con e-parent\" data-id=\"335f79f\" data-element_type=\"container\">\n\t\t\t\t\t<div class=\"e-con-inner\">\n\t\t\t\t<div class=\"elementor-element elementor-element-5987708 elementor-widget elementor-widget-heading\" data-id=\"5987708\" data-element_type=\"widget\" data-widget_type=\"heading.default\">\n\t\t\t\t<div class=\"elementor-widget-container\">\n\t\t\t\t\t<h2 class=\"elementor-heading-title elementor-size-default\">MON PANIER<\/h2>\t\t\t\t<\/div>\n\t\t\t\t<\/div>\n\t\t\t\t\t<\/div>\n\t\t\t\t<\/div>\n\t\t<div class=\"elementor-element elementor-element-1e74156 elementor-hidden-tablet elementor-hidden-mobile e-flex e-con-boxed e-con e-parent\" data-id=\"1e74156\" data-element_type=\"container\">\n\t\t\t\t\t<div class=\"e-con-inner\">\n\t\t\t\t\t<\/div>\n\t\t\t\t<\/div>\n\t\t<div class=\"elementor-element elementor-element-5052b52 e-con-full elementor-hidden-desktop e-flex e-con e-parent\" data-id=\"5052b52\" data-element_type=\"container\">\n\t\t\t\t<\/div>\n\t\t\t\t<\/div>\n\t\t","protected":false},"excerpt":{"rendered":"<p>MON PANIER MON PANIER &nbsp; Produit &nbsp; Prix Quantit\u00e9 Sous-total &times; Le Guide : deviens proth\u00e9siste ongulaire ind\u00e9pendante 19,99&nbsp;&euro; quantit\u00e9 de Le Guide : deviens proth\u00e9siste ongulaire ind\u00e9pendante 19,99&nbsp;&euro; Panier Code promo Total du Panier Sous-total 19,99&nbsp;&euro; Total 19,99&nbsp;&euro; Paiement &nbsp; Produit &nbsp; Prix Quantit\u00e9 Sous-total &times; Le Guide : deviens proth\u00e9siste ongulaire ind\u00e9pendante 19,99&nbsp;&euro; [&hellip;]<\/p>\n","protected":false},"author":1,"featured_media":0,"parent":0,"menu_order":0,"comment_status":"closed","ping_status":"closed","template":"","meta":{"footnotes":""},"class_list":["post-10","page","type-page","status-publish","hentry"],"yoast_head":"<!-- This site is optimized with the Yoast SEO plugin v25.3.1 - https:\/\/yoast.com\/wordpress\/plugins\/seo\/ -->\n<title>Panier - CoralieMua<\/title>\n<meta name=\"robots\" content=\"index, follow, max-snippet:-1, max-image-preview:large, max-video-preview:-1\" \/>\n<link rel=\"canonical\" href=\"https:\/\/coraliemua.fr\/index.php\/panier\/\" \/>\n<meta property=\"og:locale\" content=\"fr_FR\" \/>\n<meta property=\"og:type\" content=\"article\" \/>\n<meta property=\"og:title\" content=\"Panier - CoralieMua\" \/>\n<meta property=\"og:description\" content=\"MON PANIER MON PANIER &nbsp; Produit &nbsp; Prix Quantit\u00e9 Sous-total &times; Le Guide : deviens proth\u00e9siste ongulaire ind\u00e9pendante 19,99&nbsp;&euro; quantit\u00e9 de Le Guide : deviens proth\u00e9siste ongulaire ind\u00e9pendante 19,99&nbsp;&euro; Panier Code promo Total du Panier Sous-total 19,99&nbsp;&euro; Total 19,99&nbsp;&euro; Paiement &nbsp; Produit &nbsp; Prix Quantit\u00e9 Sous-total &times; Le Guide : deviens proth\u00e9siste ongulaire ind\u00e9pendante 19,99&nbsp;&euro; [&hellip;]\" \/>\n<meta property=\"og:url\" content=\"https:\/\/coraliemua.fr\/index.php\/panier\/\" \/>\n<meta property=\"og:site_name\" content=\"CoralieMua\" \/>\n<meta property=\"article:modified_time\" content=\"2023-10-26T09:17:04+00:00\" \/>\n<meta property=\"og:image\" content=\"https:\/\/coraliemua.fr\/wp-content\/uploads\/2023\/10\/IMG_1421-300x300.jpg\" \/>\n<meta name=\"twitter:card\" content=\"summary_large_image\" \/>\n<script type=\"application\/ld+json\" class=\"yoast-schema-graph\">{\"@context\":\"https:\/\/schema.org\",\"@graph\":[{\"@type\":\"WebPage\",\"@id\":\"https:\/\/coraliemua.fr\/index.php\/panier\/\",\"url\":\"https:\/\/coraliemua.fr\/index.php\/panier\/\",\"name\":\"Panier - CoralieMua\",\"isPartOf\":{\"@id\":\"https:\/\/coraliemua.fr\/#website\"},\"primaryImageOfPage\":{\"@id\":\"https:\/\/coraliemua.fr\/index.php\/panier\/#primaryimage\"},\"image\":{\"@id\":\"https:\/\/coraliemua.fr\/index.php\/panier\/#primaryimage\"},\"thumbnailUrl\":\"https:\/\/coraliemua.fr\/wp-content\/uploads\/2023\/10\/IMG_1421-300x300.jpg\",\"datePublished\":\"2023-10-17T07:33:03+00:00\",\"dateModified\":\"2023-10-26T09:17:04+00:00\",\"breadcrumb\":{\"@id\":\"https:\/\/coraliemua.fr\/index.php\/panier\/#breadcrumb\"},\"inLanguage\":\"fr-FR\",\"potentialAction\":[{\"@type\":\"ReadAction\",\"target\":[\"https:\/\/coraliemua.fr\/index.php\/panier\/\"]}]},{\"@type\":\"ImageObject\",\"inLanguage\":\"fr-FR\",\"@id\":\"https:\/\/coraliemua.fr\/index.php\/panier\/#primaryimage\",\"url\":\"https:\/\/coraliemua.fr\/wp-content\/uploads\/2023\/10\/IMG_1421-300x300.jpg\",\"contentUrl\":\"https:\/\/coraliemua.fr\/wp-content\/uploads\/2023\/10\/IMG_1421-300x300.jpg\"},{\"@type\":\"BreadcrumbList\",\"@id\":\"https:\/\/coraliemua.fr\/index.php\/panier\/#breadcrumb\",\"itemListElement\":[{\"@type\":\"ListItem\",\"position\":1,\"name\":\"Accueil\",\"item\":\"https:\/\/coraliemua.fr\/\"},{\"@type\":\"ListItem\",\"position\":2,\"name\":\"Panier\"}]},{\"@type\":\"WebSite\",\"@id\":\"https:\/\/coraliemua.fr\/#website\",\"url\":\"https:\/\/coraliemua.fr\/\",\"name\":\"CoralieMua\",\"description\":\"Formations en ligne pour proth\u00e9siste ongulaire\",\"potentialAction\":[{\"@type\":\"SearchAction\",\"target\":{\"@type\":\"EntryPoint\",\"urlTemplate\":\"https:\/\/coraliemua.fr\/?s={search_term_string}\"},\"query-input\":{\"@type\":\"PropertyValueSpecification\",\"valueRequired\":true,\"valueName\":\"search_term_string\"}}],\"inLanguage\":\"fr-FR\"}]}<\/script>\n<!-- \/ Yoast SEO plugin. -->","yoast_head_json":{"title":"Panier - CoralieMua","robots":{"index":"index","follow":"follow","max-snippet":"max-snippet:-1","max-image-preview":"max-image-preview:large","max-video-preview":"max-video-preview:-1"},"canonical":"https:\/\/coraliemua.fr\/index.php\/panier\/","og_locale":"fr_FR","og_type":"article","og_title":"Panier - CoralieMua","og_description":"MON PANIER MON PANIER &nbsp; Produit &nbsp; Prix Quantit\u00e9 Sous-total &times; Le Guide : deviens proth\u00e9siste ongulaire ind\u00e9pendante 19,99&nbsp;&euro; quantit\u00e9 de Le Guide : deviens proth\u00e9siste ongulaire ind\u00e9pendante 19,99&nbsp;&euro; Panier Code promo Total du Panier Sous-total 19,99&nbsp;&euro; Total 19,99&nbsp;&euro; Paiement &nbsp; Produit &nbsp; Prix Quantit\u00e9 Sous-total &times; Le Guide : deviens proth\u00e9siste ongulaire ind\u00e9pendante 19,99&nbsp;&euro; [&hellip;]","og_url":"https:\/\/coraliemua.fr\/index.php\/panier\/","og_site_name":"CoralieMua","article_modified_time":"2023-10-26T09:17:04+00:00","og_image":[{"url":"https:\/\/coraliemua.fr\/wp-content\/uploads\/2023\/10\/IMG_1421-300x300.jpg","type":"","width":"","height":""}],"twitter_card":"summary_large_image","schema":{"@context":"https:\/\/schema.org","@graph":[{"@type":"WebPage","@id":"https:\/\/coraliemua.fr\/index.php\/panier\/","url":"https:\/\/coraliemua.fr\/index.php\/panier\/","name":"Panier - CoralieMua","isPartOf":{"@id":"https:\/\/coraliemua.fr\/#website"},"primaryImageOfPage":{"@id":"https:\/\/coraliemua.fr\/index.php\/panier\/#primaryimage"},"image":{"@id":"https:\/\/coraliemua.fr\/index.php\/panier\/#primaryimage"},"thumbnailUrl":"https:\/\/coraliemua.fr\/wp-content\/uploads\/2023\/10\/IMG_1421-300x300.jpg","datePublished":"2023-10-17T07:33:03+00:00","dateModified":"2023-10-26T09:17:04+00:00","breadcrumb":{"@id":"https:\/\/coraliemua.fr\/index.php\/panier\/#breadcrumb"},"inLanguage":"fr-FR","potentialAction":[{"@type":"ReadAction","target":["https:\/\/coraliemua.fr\/index.php\/panier\/"]}]},{"@type":"ImageObject","inLanguage":"fr-FR","@id":"https:\/\/coraliemua.fr\/index.php\/panier\/#primaryimage","url":"https:\/\/coraliemua.fr\/wp-content\/uploads\/2023\/10\/IMG_1421-300x300.jpg","contentUrl":"https:\/\/coraliemua.fr\/wp-content\/uploads\/2023\/10\/IMG_1421-300x300.jpg"},{"@type":"BreadcrumbList","@id":"https:\/\/coraliemua.fr\/index.php\/panier\/#breadcrumb","itemListElement":[{"@type":"ListItem","position":1,"name":"Accueil","item":"https:\/\/coraliemua.fr\/"},{"@type":"ListItem","position":2,"name":"Panier"}]},{"@type":"WebSite","@id":"https:\/\/coraliemua.fr\/#website","url":"https:\/\/coraliemua.fr\/","name":"CoralieMua","description":"Formations en ligne pour proth\u00e9siste ongulaire","potentialAction":[{"@type":"SearchAction","target":{"@type":"EntryPoint","urlTemplate":"https:\/\/coraliemua.fr\/?s={search_term_string}"},"query-input":{"@type":"PropertyValueSpecification","valueRequired":true,"valueName":"search_term_string"}}],"inLanguage":"fr-FR"}]}},"_links":{"self":[{"href":"https:\/\/coraliemua.fr\/index.php\/wp-json\/wp\/v2\/pages\/10","targetHints":{"allow":["GET"]}}],"collection":[{"href":"https:\/\/coraliemua.fr\/index.php\/wp-json\/wp\/v2\/pages"}],"about":[{"href":"https:\/\/coraliemua.fr\/index.php\/wp-json\/wp\/v2\/types\/page"}],"author":[{"embeddable":true,"href":"https:\/\/coraliemua.fr\/index.php\/wp-json\/wp\/v2\/users\/1"}],"replies":[{"embeddable":true,"href":"https:\/\/coraliemua.fr\/index.php\/wp-json\/wp\/v2\/comments?post=10"}],"version-history":[{"count":0,"href":"https:\/\/coraliemua.fr\/index.php\/wp-json\/wp\/v2\/pages\/10\/revisions"}],"wp:attachment":[{"href":"https:\/\/coraliemua.fr\/index.php\/wp-json\/wp\/v2\/media?parent=10"}],"curies":[{"name":"wp","href":"https:\/\/api.w.org\/{rel}","templated":true}]}}