{"id":22,"date":"2023-10-17T10:08:05","date_gmt":"2023-10-17T08:08:05","guid":{"rendered":"https:\/\/coraliemua.fr\/?page_id=22"},"modified":"2023-11-02T10:04:39","modified_gmt":"2023-11-02T09:04:39","slug":"conditions-generales-de-vente","status":"publish","type":"page","link":"https:\/\/coraliemua.fr\/index.php\/conditions-generales-de-vente\/","title":{"rendered":"Conditions g\u00e9n\u00e9rales de vente"},"content":{"rendered":"\t\t<div data-elementor-type=\"wp-page\" data-elementor-id=\"22\" class=\"elementor elementor-22\">\n\t\t\t\t<div class=\"elementor-element elementor-element-ef5bb73 e-flex e-con-boxed e-con e-parent\" data-id=\"ef5bb73\" data-element_type=\"container\">\n\t\t\t\t\t<div class=\"e-con-inner\">\n\t\t\t\t<div class=\"elementor-element elementor-element-6faf804 elementor-widget elementor-widget-text-editor\" data-id=\"6faf804\" data-element_type=\"widget\" data-widget_type=\"text-editor.default\">\n\t\t\t\t<div class=\"elementor-widget-container\">\n\t\t\t\t\t\t\t\t\t<p><strong>Conditions G\u00e9n\u00e9rales de Vente (CGV)<\/strong><\/p><p>Les pr\u00e9sentes conditions g\u00e9n\u00e9rales de vente (CGV) r\u00e9gissent l&rsquo;achat de formations en ligne propos\u00e9es par Coralie Gomes sur le site web <a href=\"https:\/\/www.coraliemua.fr\" target=\"_new\">https:\/\/www.coraliemua.fr<\/a>. En effectuant un achat sur notre site, vous acceptez les termes et conditions suivants :<\/p><p><strong>1. Objet<\/strong><\/p><ul><li style=\"list-style-type: none;\"><ul><li>Coralie Mua propose des formations en ligne pour proth\u00e9sistes ongulaires, comprenant des vid\u00e9os, des ebooks avec certificat de fin de formation.<\/li><\/ul><\/li><li>Ces formations sont accessibles via notre site web <a href=\"https:\/\/www.coraliemua.fr\" target=\"_new\">https:\/\/www.coraliemua.fr<\/a>.<\/li><\/ul><p><strong>2. Commandes<\/strong><\/p><ul><li>Vous pouvez passer une commande sur notre site web en suivant le processus de commande indiqu\u00e9.<\/li><li>Vous devez fournir des informations pr\u00e9cises et compl\u00e8tes lors de la commande.<\/li><li>Une fois la commande pass\u00e9e, vous recevrez un email de confirmation de commande.<\/li><\/ul><p><strong>3. Paiement<\/strong><\/p><ul><li>Les prix des formations sont indiqu\u00e9s sur notre site web.<\/li><li>Les paiements sont effectu\u00e9s en ligne via les m\u00e9thodes de paiement disponibles sur notre site.<\/li><li>Tous les paiements sont s\u00e9curis\u00e9s et conformes aux normes de s\u00e9curit\u00e9 en vigueur.<\/li><\/ul><p><strong>4. Acc\u00e8s aux Formations<\/strong><\/p><ul><li>Une fois le paiement effectu\u00e9, vous aurez acc\u00e8s aux formations en ligne achet\u00e9es pendant la p\u00e9riode sp\u00e9cifi\u00e9e dans la description de la formation.<\/li><li>Votre acc\u00e8s est personnel et non transf\u00e9rable.<\/li><\/ul><p><strong>5. Droit de R\u00e9tractation<\/strong><\/p><ul><li>Conform\u00e9ment \u00e0 la l\u00e9gislation en vigueur, vous avez un droit de r\u00e9tractation de 5 jours \u00e0 compter de la date d&rsquo;achat.<\/li><li>Pour exercer ce droit, veuillez nous contacter par email sur la page contact du site et suivre les instructions de retour.<\/li><\/ul><p><strong>6. Propri\u00e9t\u00e9 Intellectuelle<\/strong><\/p><ul><li>Tous les contenus des formations sont prot\u00e9g\u00e9s par le droit d&rsquo;auteur et demeurent la propri\u00e9t\u00e9 de Coralie Mua.<\/li><li>Vous ne pouvez pas reproduire, distribuer ou partager ces contenus sans autorisation pr\u00e9alable.<\/li><\/ul><p><strong>7. Responsabilit\u00e9<\/strong><\/p><ul><li>Coralie Mua n&rsquo;assume aucune responsabilit\u00e9 en cas de perturbation du site web, d&rsquo;interruption de service, ou de perte de donn\u00e9es.<\/li><li>Notre responsabilit\u00e9 est limit\u00e9e au montant pay\u00e9 pour la formation concern\u00e9e.<\/li><\/ul><p><strong>8. Modifications des CGV<\/strong><\/p><ul><li>Coralie Mua se r\u00e9serve le droit de modifier ces CGV \u00e0 tout moment. Les modifications seront publi\u00e9es sur notre site web.<\/li><\/ul>\t\t\t\t\t\t\t\t<\/div>\n\t\t\t\t<\/div>\n\t\t\t\t\t<\/div>\n\t\t\t\t<\/div>\n\t\t\t\t<\/div>\n\t\t","protected":false},"excerpt":{"rendered":"<p>Conditions G\u00e9n\u00e9rales de Vente (CGV) Les pr\u00e9sentes conditions g\u00e9n\u00e9rales de vente (CGV) r\u00e9gissent l&rsquo;achat de formations en ligne propos\u00e9es par Coralie Gomes sur le site web https:\/\/www.coraliemua.fr. En effectuant un achat sur notre site, vous acceptez les termes et conditions suivants : 1. Objet Coralie Mua propose des formations en ligne pour proth\u00e9sistes ongulaires, comprenant [&hellip;]<\/p>\n","protected":false},"author":1,"featured_media":0,"parent":0,"menu_order":0,"comment_status":"closed","ping_status":"closed","template":"","meta":{"footnotes":""},"class_list":["post-22","page","type-page","status-publish","hentry"],"yoast_head":"<!-- This site is optimized with the Yoast SEO plugin v25.3.1 - https:\/\/yoast.com\/wordpress\/plugins\/seo\/ -->\n<title>Conditions g\u00e9n\u00e9rales de vente - CoralieMua<\/title>\n<meta name=\"robots\" content=\"index, follow, max-snippet:-1, max-image-preview:large, max-video-preview:-1\" \/>\n<link rel=\"canonical\" href=\"https:\/\/coraliemua.fr\/index.php\/conditions-generales-de-vente\/\" \/>\n<meta property=\"og:locale\" content=\"fr_FR\" \/>\n<meta property=\"og:type\" content=\"article\" \/>\n<meta property=\"og:title\" content=\"Conditions g\u00e9n\u00e9rales de vente - CoralieMua\" \/>\n<meta property=\"og:description\" content=\"Conditions G\u00e9n\u00e9rales de Vente (CGV) Les pr\u00e9sentes conditions g\u00e9n\u00e9rales de vente (CGV) r\u00e9gissent l&rsquo;achat de formations en ligne propos\u00e9es par Coralie Gomes sur le site web https:\/\/www.coraliemua.fr. En effectuant un achat sur notre site, vous acceptez les termes et conditions suivants : 1. Objet Coralie Mua propose des formations en ligne pour proth\u00e9sistes ongulaires, comprenant [&hellip;]\" \/>\n<meta property=\"og:url\" content=\"https:\/\/coraliemua.fr\/index.php\/conditions-generales-de-vente\/\" \/>\n<meta property=\"og:site_name\" content=\"CoralieMua\" \/>\n<meta property=\"article:modified_time\" content=\"2023-11-02T09:04:39+00:00\" \/>\n<meta name=\"twitter:card\" content=\"summary_large_image\" \/>\n<script type=\"application\/ld+json\" class=\"yoast-schema-graph\">{\"@context\":\"https:\/\/schema.org\",\"@graph\":[{\"@type\":\"WebPage\",\"@id\":\"https:\/\/coraliemua.fr\/index.php\/conditions-generales-de-vente\/\",\"url\":\"https:\/\/coraliemua.fr\/index.php\/conditions-generales-de-vente\/\",\"name\":\"Conditions g\u00e9n\u00e9rales de vente - CoralieMua\",\"isPartOf\":{\"@id\":\"https:\/\/coraliemua.fr\/#website\"},\"datePublished\":\"2023-10-17T08:08:05+00:00\",\"dateModified\":\"2023-11-02T09:04:39+00:00\",\"breadcrumb\":{\"@id\":\"https:\/\/coraliemua.fr\/index.php\/conditions-generales-de-vente\/#breadcrumb\"},\"inLanguage\":\"fr-FR\",\"potentialAction\":[{\"@type\":\"ReadAction\",\"target\":[\"https:\/\/coraliemua.fr\/index.php\/conditions-generales-de-vente\/\"]}]},{\"@type\":\"BreadcrumbList\",\"@id\":\"https:\/\/coraliemua.fr\/index.php\/conditions-generales-de-vente\/#breadcrumb\",\"itemListElement\":[{\"@type\":\"ListItem\",\"position\":1,\"name\":\"Accueil\",\"item\":\"https:\/\/coraliemua.fr\/\"},{\"@type\":\"ListItem\",\"position\":2,\"name\":\"Conditions g\u00e9n\u00e9rales de vente\"}]},{\"@type\":\"WebSite\",\"@id\":\"https:\/\/coraliemua.fr\/#website\",\"url\":\"https:\/\/coraliemua.fr\/\",\"name\":\"CoralieMua\",\"description\":\"Formations en ligne pour proth\u00e9siste ongulaire\",\"potentialAction\":[{\"@type\":\"SearchAction\",\"target\":{\"@type\":\"EntryPoint\",\"urlTemplate\":\"https:\/\/coraliemua.fr\/?s={search_term_string}\"},\"query-input\":{\"@type\":\"PropertyValueSpecification\",\"valueRequired\":true,\"valueName\":\"search_term_string\"}}],\"inLanguage\":\"fr-FR\"}]}<\/script>\n<!-- \/ Yoast SEO plugin. -->","yoast_head_json":{"title":"Conditions g\u00e9n\u00e9rales de vente - CoralieMua","robots":{"index":"index","follow":"follow","max-snippet":"max-snippet:-1","max-image-preview":"max-image-preview:large","max-video-preview":"max-video-preview:-1"},"canonical":"https:\/\/coraliemua.fr\/index.php\/conditions-generales-de-vente\/","og_locale":"fr_FR","og_type":"article","og_title":"Conditions g\u00e9n\u00e9rales de vente - CoralieMua","og_description":"Conditions G\u00e9n\u00e9rales de Vente (CGV) Les pr\u00e9sentes conditions g\u00e9n\u00e9rales de vente (CGV) r\u00e9gissent l&rsquo;achat de formations en ligne propos\u00e9es par Coralie Gomes sur le site web https:\/\/www.coraliemua.fr. En effectuant un achat sur notre site, vous acceptez les termes et conditions suivants : 1. Objet Coralie Mua propose des formations en ligne pour proth\u00e9sistes ongulaires, comprenant [&hellip;]","og_url":"https:\/\/coraliemua.fr\/index.php\/conditions-generales-de-vente\/","og_site_name":"CoralieMua","article_modified_time":"2023-11-02T09:04:39+00:00","twitter_card":"summary_large_image","schema":{"@context":"https:\/\/schema.org","@graph":[{"@type":"WebPage","@id":"https:\/\/coraliemua.fr\/index.php\/conditions-generales-de-vente\/","url":"https:\/\/coraliemua.fr\/index.php\/conditions-generales-de-vente\/","name":"Conditions g\u00e9n\u00e9rales de vente - CoralieMua","isPartOf":{"@id":"https:\/\/coraliemua.fr\/#website"},"datePublished":"2023-10-17T08:08:05+00:00","dateModified":"2023-11-02T09:04:39+00:00","breadcrumb":{"@id":"https:\/\/coraliemua.fr\/index.php\/conditions-generales-de-vente\/#breadcrumb"},"inLanguage":"fr-FR","potentialAction":[{"@type":"ReadAction","target":["https:\/\/coraliemua.fr\/index.php\/conditions-generales-de-vente\/"]}]},{"@type":"BreadcrumbList","@id":"https:\/\/coraliemua.fr\/index.php\/conditions-generales-de-vente\/#breadcrumb","itemListElement":[{"@type":"ListItem","position":1,"name":"Accueil","item":"https:\/\/coraliemua.fr\/"},{"@type":"ListItem","position":2,"name":"Conditions g\u00e9n\u00e9rales de vente"}]},{"@type":"WebSite","@id":"https:\/\/coraliemua.fr\/#website","url":"https:\/\/coraliemua.fr\/","name":"CoralieMua","description":"Formations en ligne pour proth\u00e9siste ongulaire","potentialAction":[{"@type":"SearchAction","target":{"@type":"EntryPoint","urlTemplate":"https:\/\/coraliemua.fr\/?s={search_term_string}"},"query-input":{"@type":"PropertyValueSpecification","valueRequired":true,"valueName":"search_term_string"}}],"inLanguage":"fr-FR"}]}},"_links":{"self":[{"href":"https:\/\/coraliemua.fr\/index.php\/wp-json\/wp\/v2\/pages\/22","targetHints":{"allow":["GET"]}}],"collection":[{"href":"https:\/\/coraliemua.fr\/index.php\/wp-json\/wp\/v2\/pages"}],"about":[{"href":"https:\/\/coraliemua.fr\/index.php\/wp-json\/wp\/v2\/types\/page"}],"author":[{"embeddable":true,"href":"https:\/\/coraliemua.fr\/index.php\/wp-json\/wp\/v2\/users\/1"}],"replies":[{"embeddable":true,"href":"https:\/\/coraliemua.fr\/index.php\/wp-json\/wp\/v2\/comments?post=22"}],"version-history":[{"count":0,"href":"https:\/\/coraliemua.fr\/index.php\/wp-json\/wp\/v2\/pages\/22\/revisions"}],"wp:attachment":[{"href":"https:\/\/coraliemua.fr\/index.php\/wp-json\/wp\/v2\/media?parent=22"}],"curies":[{"name":"wp","href":"https:\/\/api.w.org\/{rel}","templated":true}]}}