{"id":1277,"date":"2024-03-29T14:54:12","date_gmt":"2024-03-29T13:54:12","guid":{"rendered":"https:\/\/coraliemua.fr\/?post_type=product&#038;p=1277"},"modified":"2026-03-26T09:18:18","modified_gmt":"2026-03-26T08:18:18","slug":"desinfection-des-outils","status":"publish","type":"product","link":"https:\/\/coraliemua.fr\/index.php\/produit\/desinfection-des-outils\/","title":{"rendered":"D\u00e9sinfection des outils"},"content":{"rendered":"<p dir=\"auto\">D\u00e9couvrez ma formation d\u00e9di\u00e9e \u00e0 la d\u00e9sinfection des outils de proth\u00e9siste ongulaire. Apprenez les meilleures pratiques pour assurer un environnement s\u00fbr et hygi\u00e9nique dans votre salon ou chez vous.<\/p>\n<p dir=\"auto\">Ce programme vous guide \u00e0 travers les techniques de d\u00e9sinfection efficaces, les produits recommand\u00e9s, et les protocoles \u00e0 suivre pour garantir la s\u00e9curit\u00e9 de vos clients et de vous-m\u00eame. \u00c0 la fin de la formation, obtenez un certificat attestant du bon suivi de la formation.<\/p>\n<p dir=\"auto\">Rejoignez-moi d\u00e8s aujourd&rsquo;hui pour acqu\u00e9rir les connaissances n\u00e9cessaires et renforcer la confiance de votre client\u00e8le.<\/p>\n","protected":false},"excerpt":{"rendered":"<p>D\u00e9couvrez ma formation d\u00e9di\u00e9e \u00e0 la d\u00e9sinfection des outils de proth\u00e9siste ongulaire. Apprenez les meilleures pratiques pour assurer un environnement s\u00fbr et hygi\u00e9nique dans votre salon ou chez vous. Ce programme vous guide \u00e0 travers les techniques de d\u00e9sinfection efficaces, les produits recommand\u00e9s, et les protocoles \u00e0 suivre pour garantir la s\u00e9curit\u00e9 de vos clients [&hellip;]<\/p>\n","protected":false},"featured_media":1278,"comment_status":"open","ping_status":"closed","template":"","meta":[],"product_brand":[],"product_cat":[24],"product_tag":[20,21],"class_list":{"0":"post-1277","1":"product","2":"type-product","3":"status-publish","4":"has-post-thumbnail","6":"product_cat-foamtions-videos","7":"product_tag-formation","8":"product_tag-formation-videos","10":"first","11":"instock","12":"sale","13":"downloadable","14":"shipping-taxable","15":"purchasable","16":"product-type-simple"},"yoast_head":"<!-- This site is optimized with the Yoast SEO plugin v25.3.1 - https:\/\/yoast.com\/wordpress\/plugins\/seo\/ -->\n<title>D\u00e9sinfection des outils - CoralieMua<\/title>\n<meta name=\"description\" content=\"Formation d\u00e9di\u00e9e \u00e0 la d\u00e9sinfection des outils de proth\u00e9siste ongulaire. Apprenez les meilleures pratiques pour assurer un environnement s\u00fbr et hygi\u00e9nique.\" \/>\n<meta name=\"robots\" content=\"index, follow, max-snippet:-1, max-image-preview:large, max-video-preview:-1\" \/>\n<link rel=\"canonical\" href=\"https:\/\/coraliemua.fr\/index.php\/produit\/desinfection-des-outils\/\" \/>\n<meta property=\"og:locale\" content=\"fr_FR\" \/>\n<meta property=\"og:type\" content=\"article\" \/>\n<meta property=\"og:title\" content=\"D\u00e9sinfection des outils - CoralieMua\" \/>\n<meta property=\"og:description\" content=\"Formation d\u00e9di\u00e9e \u00e0 la d\u00e9sinfection des outils de proth\u00e9siste ongulaire. Apprenez les meilleures pratiques pour assurer un environnement s\u00fbr et hygi\u00e9nique.\" \/>\n<meta property=\"og:url\" content=\"https:\/\/coraliemua.fr\/index.php\/produit\/desinfection-des-outils\/\" \/>\n<meta property=\"og:site_name\" content=\"CoralieMua\" \/>\n<meta property=\"article:modified_time\" content=\"2026-03-26T08:18:18+00:00\" \/>\n<meta property=\"og:image\" content=\"https:\/\/coraliemua.fr\/wp-content\/uploads\/2024\/03\/IMG_5654-scaled.jpeg\" \/>\n\t<meta property=\"og:image:width\" content=\"1920\" \/>\n\t<meta property=\"og:image:height\" content=\"2560\" \/>\n\t<meta property=\"og:image:type\" content=\"image\/jpeg\" \/>\n<meta name=\"twitter:card\" content=\"summary_large_image\" \/>\n<meta name=\"twitter:label1\" content=\"Dur\u00e9e de lecture estim\u00e9e\" \/>\n\t<meta name=\"twitter:data1\" content=\"1 minute\" \/>\n<script type=\"application\/ld+json\" class=\"yoast-schema-graph\">{\"@context\":\"https:\/\/schema.org\",\"@graph\":[{\"@type\":\"WebPage\",\"@id\":\"https:\/\/coraliemua.fr\/index.php\/produit\/desinfection-des-outils\/\",\"url\":\"https:\/\/coraliemua.fr\/index.php\/produit\/desinfection-des-outils\/\",\"name\":\"D\u00e9sinfection des outils - CoralieMua\",\"isPartOf\":{\"@id\":\"https:\/\/coraliemua.fr\/#website\"},\"primaryImageOfPage\":{\"@id\":\"https:\/\/coraliemua.fr\/index.php\/produit\/desinfection-des-outils\/#primaryimage\"},\"image\":{\"@id\":\"https:\/\/coraliemua.fr\/index.php\/produit\/desinfection-des-outils\/#primaryimage\"},\"thumbnailUrl\":\"https:\/\/coraliemua.fr\/wp-content\/uploads\/2024\/03\/IMG_5654-scaled.jpeg\",\"datePublished\":\"2024-03-29T13:54:12+00:00\",\"dateModified\":\"2026-03-26T08:18:18+00:00\",\"description\":\"Formation d\u00e9di\u00e9e \u00e0 la d\u00e9sinfection des outils de proth\u00e9siste ongulaire. Apprenez les meilleures pratiques pour assurer un environnement s\u00fbr et hygi\u00e9nique.\",\"breadcrumb\":{\"@id\":\"https:\/\/coraliemua.fr\/index.php\/produit\/desinfection-des-outils\/#breadcrumb\"},\"inLanguage\":\"fr-FR\",\"potentialAction\":[{\"@type\":\"ReadAction\",\"target\":[\"https:\/\/coraliemua.fr\/index.php\/produit\/desinfection-des-outils\/\"]}]},{\"@type\":\"ImageObject\",\"inLanguage\":\"fr-FR\",\"@id\":\"https:\/\/coraliemua.fr\/index.php\/produit\/desinfection-des-outils\/#primaryimage\",\"url\":\"https:\/\/coraliemua.fr\/wp-content\/uploads\/2024\/03\/IMG_5654-scaled.jpeg\",\"contentUrl\":\"https:\/\/coraliemua.fr\/wp-content\/uploads\/2024\/03\/IMG_5654-scaled.jpeg\",\"width\":1920,\"height\":2560},{\"@type\":\"BreadcrumbList\",\"@id\":\"https:\/\/coraliemua.fr\/index.php\/produit\/desinfection-des-outils\/#breadcrumb\",\"itemListElement\":[{\"@type\":\"ListItem\",\"position\":1,\"name\":\"Accueil\",\"item\":\"https:\/\/coraliemua.fr\/\"},{\"@type\":\"ListItem\",\"position\":2,\"name\":\"Produits\",\"item\":\"https:\/\/coraliemua.fr\/index.php\/shop\/\"},{\"@type\":\"ListItem\",\"position\":3,\"name\":\"D\u00e9sinfection des outils\"}]},{\"@type\":\"WebSite\",\"@id\":\"https:\/\/coraliemua.fr\/#website\",\"url\":\"https:\/\/coraliemua.fr\/\",\"name\":\"CoralieMua\",\"description\":\"Formations en ligne pour proth\u00e9siste ongulaire\",\"potentialAction\":[{\"@type\":\"SearchAction\",\"target\":{\"@type\":\"EntryPoint\",\"urlTemplate\":\"https:\/\/coraliemua.fr\/?s={search_term_string}\"},\"query-input\":{\"@type\":\"PropertyValueSpecification\",\"valueRequired\":true,\"valueName\":\"search_term_string\"}}],\"inLanguage\":\"fr-FR\"}]}<\/script>\n<!-- \/ Yoast SEO plugin. -->","yoast_head_json":{"title":"D\u00e9sinfection des outils - CoralieMua","description":"Formation d\u00e9di\u00e9e \u00e0 la d\u00e9sinfection des outils de proth\u00e9siste ongulaire. Apprenez les meilleures pratiques pour assurer un environnement s\u00fbr et hygi\u00e9nique.","robots":{"index":"index","follow":"follow","max-snippet":"max-snippet:-1","max-image-preview":"max-image-preview:large","max-video-preview":"max-video-preview:-1"},"canonical":"https:\/\/coraliemua.fr\/index.php\/produit\/desinfection-des-outils\/","og_locale":"fr_FR","og_type":"article","og_title":"D\u00e9sinfection des outils - CoralieMua","og_description":"Formation d\u00e9di\u00e9e \u00e0 la d\u00e9sinfection des outils de proth\u00e9siste ongulaire. Apprenez les meilleures pratiques pour assurer un environnement s\u00fbr et hygi\u00e9nique.","og_url":"https:\/\/coraliemua.fr\/index.php\/produit\/desinfection-des-outils\/","og_site_name":"CoralieMua","article_modified_time":"2026-03-26T08:18:18+00:00","og_image":[{"width":1920,"height":2560,"url":"https:\/\/coraliemua.fr\/wp-content\/uploads\/2024\/03\/IMG_5654-scaled.jpeg","type":"image\/jpeg"}],"twitter_card":"summary_large_image","twitter_misc":{"Dur\u00e9e de lecture estim\u00e9e":"1 minute"},"schema":{"@context":"https:\/\/schema.org","@graph":[{"@type":"WebPage","@id":"https:\/\/coraliemua.fr\/index.php\/produit\/desinfection-des-outils\/","url":"https:\/\/coraliemua.fr\/index.php\/produit\/desinfection-des-outils\/","name":"D\u00e9sinfection des outils - CoralieMua","isPartOf":{"@id":"https:\/\/coraliemua.fr\/#website"},"primaryImageOfPage":{"@id":"https:\/\/coraliemua.fr\/index.php\/produit\/desinfection-des-outils\/#primaryimage"},"image":{"@id":"https:\/\/coraliemua.fr\/index.php\/produit\/desinfection-des-outils\/#primaryimage"},"thumbnailUrl":"https:\/\/coraliemua.fr\/wp-content\/uploads\/2024\/03\/IMG_5654-scaled.jpeg","datePublished":"2024-03-29T13:54:12+00:00","dateModified":"2026-03-26T08:18:18+00:00","description":"Formation d\u00e9di\u00e9e \u00e0 la d\u00e9sinfection des outils de proth\u00e9siste ongulaire. Apprenez les meilleures pratiques pour assurer un environnement s\u00fbr et hygi\u00e9nique.","breadcrumb":{"@id":"https:\/\/coraliemua.fr\/index.php\/produit\/desinfection-des-outils\/#breadcrumb"},"inLanguage":"fr-FR","potentialAction":[{"@type":"ReadAction","target":["https:\/\/coraliemua.fr\/index.php\/produit\/desinfection-des-outils\/"]}]},{"@type":"ImageObject","inLanguage":"fr-FR","@id":"https:\/\/coraliemua.fr\/index.php\/produit\/desinfection-des-outils\/#primaryimage","url":"https:\/\/coraliemua.fr\/wp-content\/uploads\/2024\/03\/IMG_5654-scaled.jpeg","contentUrl":"https:\/\/coraliemua.fr\/wp-content\/uploads\/2024\/03\/IMG_5654-scaled.jpeg","width":1920,"height":2560},{"@type":"BreadcrumbList","@id":"https:\/\/coraliemua.fr\/index.php\/produit\/desinfection-des-outils\/#breadcrumb","itemListElement":[{"@type":"ListItem","position":1,"name":"Accueil","item":"https:\/\/coraliemua.fr\/"},{"@type":"ListItem","position":2,"name":"Produits","item":"https:\/\/coraliemua.fr\/index.php\/shop\/"},{"@type":"ListItem","position":3,"name":"D\u00e9sinfection des outils"}]},{"@type":"WebSite","@id":"https:\/\/coraliemua.fr\/#website","url":"https:\/\/coraliemua.fr\/","name":"CoralieMua","description":"Formations en ligne pour proth\u00e9siste ongulaire","potentialAction":[{"@type":"SearchAction","target":{"@type":"EntryPoint","urlTemplate":"https:\/\/coraliemua.fr\/?s={search_term_string}"},"query-input":{"@type":"PropertyValueSpecification","valueRequired":true,"valueName":"search_term_string"}}],"inLanguage":"fr-FR"}]}},"_links":{"self":[{"href":"https:\/\/coraliemua.fr\/index.php\/wp-json\/wp\/v2\/product\/1277","targetHints":{"allow":["GET"]}}],"collection":[{"href":"https:\/\/coraliemua.fr\/index.php\/wp-json\/wp\/v2\/product"}],"about":[{"href":"https:\/\/coraliemua.fr\/index.php\/wp-json\/wp\/v2\/types\/product"}],"replies":[{"embeddable":true,"href":"https:\/\/coraliemua.fr\/index.php\/wp-json\/wp\/v2\/comments?post=1277"}],"wp:featuredmedia":[{"embeddable":true,"href":"https:\/\/coraliemua.fr\/index.php\/wp-json\/wp\/v2\/media\/1278"}],"wp:attachment":[{"href":"https:\/\/coraliemua.fr\/index.php\/wp-json\/wp\/v2\/media?parent=1277"}],"wp:term":[{"taxonomy":"product_brand","embeddable":true,"href":"https:\/\/coraliemua.fr\/index.php\/wp-json\/wp\/v2\/product_brand?post=1277"},{"taxonomy":"product_cat","embeddable":true,"href":"https:\/\/coraliemua.fr\/index.php\/wp-json\/wp\/v2\/product_cat?post=1277"},{"taxonomy":"product_tag","embeddable":true,"href":"https:\/\/coraliemua.fr\/index.php\/wp-json\/wp\/v2\/product_tag?post=1277"}],"curies":[{"name":"wp","href":"https:\/\/api.w.org\/{rel}","templated":true}]}}