{"id":24,"date":"2023-10-17T10:26:17","date_gmt":"2023-10-17T08:26:17","guid":{"rendered":"https:\/\/coraliemua.fr\/?post_type=product&#038;p=24"},"modified":"2026-03-26T09:15:57","modified_gmt":"2026-03-26T08:15:57","slug":"mes-secrets-pour-des-visuels-reussis","status":"publish","type":"product","link":"https:\/\/coraliemua.fr\/index.php\/produit\/mes-secrets-pour-des-visuels-reussis\/","title":{"rendered":"Ebook &#8211; Mes secrets pour des visuels r\u00e9ussis"},"content":{"rendered":"<div class=\"flex-col gap-1 md:gap-3\">\n<div class=\"flex flex-grow flex-col gap-3 max-w-full\">\n<div class=\"min-h-[20px] flex flex-col items-start gap-3 whitespace-pre-wrap break-words overflow-x-auto\" data-message-author-role=\"assistant\" data-message-id=\"be64272f-ea36-4ebf-a1f2-9362426d9a18\">\n<div class=\"markdown prose w-full break-words dark:prose-invert dark\">\n<p>D\u00e9couvre notre ebook de 42 pages, l&rsquo;ultime guide pour optimiser ton feed Instagram et booster ta pr\u00e9sence en ligne. Mes pr\u00e9cieux conseils t&rsquo;aideront \u00e0 cr\u00e9er des photos professionnelles, des vid\u00e9os percutantes, et des stories captivantes, afin de faire de ton compte Instagram une v\u00e9ritable vitrine de ton style et de ta personnalit\u00e9.<\/p>\n<p>Dans cet ebook, j&rsquo;ai rassembl\u00e9 des astuces pratiques et des strat\u00e9gies \u00e9prouv\u00e9es pour te d\u00e9marquer sur la plateforme sociale la plus populaire du moment. Que tu sois un influenceur en herbe, un entrepreneur d\u00e9sireux de promouvoir ton entreprise, ou simplement quelqu&rsquo;un cherchant \u00e0 perfectionner son esth\u00e9tique sur Instagram, ce guide est con\u00e7u pour toi.<\/p>\n<p>Explore les secrets des professionnels du marketing digital, d\u00e9couvre les tendances les plus r\u00e9centes en mati\u00e8re de visuels et de storytelling, et apprends \u00e0 \u00e9tablir une coh\u00e9rence visuelle \u00e0 travers tout ton feed.<\/p>\n<p>Pr\u00eat \u00e0 r\u00e9volutionner ta pr\u00e9sence sur Instagram ? T\u00e9l\u00e9charge d\u00e8s maintenant cet ebook et commence \u00e0 transformer ton feed en une galerie inoubliable de contenus visuels. Le succ\u00e8s sur Instagram t&rsquo;attend !<\/p>\n<\/div>\n<\/div>\n<\/div>\n<\/div>\n","protected":false},"excerpt":{"rendered":"<p>Ebook pour des visuels r\u00e9ussis<\/p>\n","protected":false},"featured_media":275,"comment_status":"open","ping_status":"closed","template":"","meta":[],"product_brand":[],"product_cat":[26],"product_tag":[22,23],"class_list":{"0":"post-24","1":"product","2":"type-product","3":"status-publish","4":"has-post-thumbnail","6":"product_cat-ebook","7":"product_tag-ebook","8":"product_tag-retouche-photo","10":"first","11":"instock","12":"sale","13":"downloadable","14":"shipping-taxable","15":"purchasable","16":"product-type-simple"},"yoast_head":"<!-- This site is optimized with the Yoast SEO plugin v25.3.1 - https:\/\/yoast.com\/wordpress\/plugins\/seo\/ -->\n<title>Ebook - Mes secrets pour des visuels r\u00e9ussis - CoralieMua<\/title>\n<meta name=\"description\" content=\"D\u00e9couvres mon ebook avec toutes mes astuces pour r\u00e9ussir tes photos et visuels pour booster ta pr\u00e9sence sur les r\u00e9seaux sociaux !\" \/>\n<meta name=\"robots\" content=\"index, follow, max-snippet:-1, max-image-preview:large, max-video-preview:-1\" \/>\n<link rel=\"canonical\" href=\"https:\/\/coraliemua.fr\/index.php\/produit\/mes-secrets-pour-des-visuels-reussis\/\" \/>\n<meta property=\"og:locale\" content=\"fr_FR\" \/>\n<meta property=\"og:type\" content=\"article\" \/>\n<meta property=\"og:title\" content=\"Ebook - Mes secrets pour des visuels r\u00e9ussis - CoralieMua\" \/>\n<meta property=\"og:description\" content=\"D\u00e9couvres mon ebook avec toutes mes astuces pour r\u00e9ussir tes photos et visuels pour booster ta pr\u00e9sence sur les r\u00e9seaux sociaux !\" \/>\n<meta property=\"og:url\" content=\"https:\/\/coraliemua.fr\/index.php\/produit\/mes-secrets-pour-des-visuels-reussis\/\" \/>\n<meta property=\"og:site_name\" content=\"CoralieMua\" \/>\n<meta property=\"article:modified_time\" content=\"2026-03-26T08:15:57+00:00\" \/>\n<meta property=\"og:image\" content=\"https:\/\/coraliemua.fr\/wp-content\/uploads\/2023\/10\/IMG_0831-scaled.jpeg\" \/>\n\t<meta property=\"og:image:width\" content=\"1440\" \/>\n\t<meta property=\"og:image:height\" content=\"2560\" \/>\n\t<meta property=\"og:image:type\" content=\"image\/jpeg\" \/>\n<meta name=\"twitter:card\" content=\"summary_large_image\" \/>\n<meta name=\"twitter:label1\" content=\"Dur\u00e9e de lecture estim\u00e9e\" \/>\n\t<meta name=\"twitter:data1\" content=\"1 minute\" \/>\n<script type=\"application\/ld+json\" class=\"yoast-schema-graph\">{\"@context\":\"https:\/\/schema.org\",\"@graph\":[{\"@type\":\"WebPage\",\"@id\":\"https:\/\/coraliemua.fr\/index.php\/produit\/mes-secrets-pour-des-visuels-reussis\/\",\"url\":\"https:\/\/coraliemua.fr\/index.php\/produit\/mes-secrets-pour-des-visuels-reussis\/\",\"name\":\"Ebook - Mes secrets pour des visuels r\u00e9ussis - CoralieMua\",\"isPartOf\":{\"@id\":\"https:\/\/coraliemua.fr\/#website\"},\"primaryImageOfPage\":{\"@id\":\"https:\/\/coraliemua.fr\/index.php\/produit\/mes-secrets-pour-des-visuels-reussis\/#primaryimage\"},\"image\":{\"@id\":\"https:\/\/coraliemua.fr\/index.php\/produit\/mes-secrets-pour-des-visuels-reussis\/#primaryimage\"},\"thumbnailUrl\":\"https:\/\/coraliemua.fr\/wp-content\/uploads\/2023\/10\/IMG_0831-scaled.jpeg\",\"datePublished\":\"2023-10-17T08:26:17+00:00\",\"dateModified\":\"2026-03-26T08:15:57+00:00\",\"description\":\"D\u00e9couvres mon ebook avec toutes mes astuces pour r\u00e9ussir tes photos et visuels pour booster ta pr\u00e9sence sur les r\u00e9seaux sociaux !\",\"breadcrumb\":{\"@id\":\"https:\/\/coraliemua.fr\/index.php\/produit\/mes-secrets-pour-des-visuels-reussis\/#breadcrumb\"},\"inLanguage\":\"fr-FR\",\"potentialAction\":[{\"@type\":\"ReadAction\",\"target\":[\"https:\/\/coraliemua.fr\/index.php\/produit\/mes-secrets-pour-des-visuels-reussis\/\"]}]},{\"@type\":\"ImageObject\",\"inLanguage\":\"fr-FR\",\"@id\":\"https:\/\/coraliemua.fr\/index.php\/produit\/mes-secrets-pour-des-visuels-reussis\/#primaryimage\",\"url\":\"https:\/\/coraliemua.fr\/wp-content\/uploads\/2023\/10\/IMG_0831-scaled.jpeg\",\"contentUrl\":\"https:\/\/coraliemua.fr\/wp-content\/uploads\/2023\/10\/IMG_0831-scaled.jpeg\",\"width\":1440,\"height\":2560},{\"@type\":\"BreadcrumbList\",\"@id\":\"https:\/\/coraliemua.fr\/index.php\/produit\/mes-secrets-pour-des-visuels-reussis\/#breadcrumb\",\"itemListElement\":[{\"@type\":\"ListItem\",\"position\":1,\"name\":\"Accueil\",\"item\":\"https:\/\/coraliemua.fr\/\"},{\"@type\":\"ListItem\",\"position\":2,\"name\":\"Produits\",\"item\":\"https:\/\/coraliemua.fr\/index.php\/shop\/\"},{\"@type\":\"ListItem\",\"position\":3,\"name\":\"Ebook &#8211; Mes secrets pour des visuels r\u00e9ussis\"}]},{\"@type\":\"WebSite\",\"@id\":\"https:\/\/coraliemua.fr\/#website\",\"url\":\"https:\/\/coraliemua.fr\/\",\"name\":\"CoralieMua\",\"description\":\"Formations en ligne pour proth\u00e9siste ongulaire\",\"potentialAction\":[{\"@type\":\"SearchAction\",\"target\":{\"@type\":\"EntryPoint\",\"urlTemplate\":\"https:\/\/coraliemua.fr\/?s={search_term_string}\"},\"query-input\":{\"@type\":\"PropertyValueSpecification\",\"valueRequired\":true,\"valueName\":\"search_term_string\"}}],\"inLanguage\":\"fr-FR\"}]}<\/script>\n<!-- \/ Yoast SEO plugin. -->","yoast_head_json":{"title":"Ebook - Mes secrets pour des visuels r\u00e9ussis - CoralieMua","description":"D\u00e9couvres mon ebook avec toutes mes astuces pour r\u00e9ussir tes photos et visuels pour booster ta pr\u00e9sence sur les r\u00e9seaux sociaux !","robots":{"index":"index","follow":"follow","max-snippet":"max-snippet:-1","max-image-preview":"max-image-preview:large","max-video-preview":"max-video-preview:-1"},"canonical":"https:\/\/coraliemua.fr\/index.php\/produit\/mes-secrets-pour-des-visuels-reussis\/","og_locale":"fr_FR","og_type":"article","og_title":"Ebook - Mes secrets pour des visuels r\u00e9ussis - CoralieMua","og_description":"D\u00e9couvres mon ebook avec toutes mes astuces pour r\u00e9ussir tes photos et visuels pour booster ta pr\u00e9sence sur les r\u00e9seaux sociaux !","og_url":"https:\/\/coraliemua.fr\/index.php\/produit\/mes-secrets-pour-des-visuels-reussis\/","og_site_name":"CoralieMua","article_modified_time":"2026-03-26T08:15:57+00:00","og_image":[{"width":1440,"height":2560,"url":"https:\/\/coraliemua.fr\/wp-content\/uploads\/2023\/10\/IMG_0831-scaled.jpeg","type":"image\/jpeg"}],"twitter_card":"summary_large_image","twitter_misc":{"Dur\u00e9e de lecture estim\u00e9e":"1 minute"},"schema":{"@context":"https:\/\/schema.org","@graph":[{"@type":"WebPage","@id":"https:\/\/coraliemua.fr\/index.php\/produit\/mes-secrets-pour-des-visuels-reussis\/","url":"https:\/\/coraliemua.fr\/index.php\/produit\/mes-secrets-pour-des-visuels-reussis\/","name":"Ebook - Mes secrets pour des visuels r\u00e9ussis - CoralieMua","isPartOf":{"@id":"https:\/\/coraliemua.fr\/#website"},"primaryImageOfPage":{"@id":"https:\/\/coraliemua.fr\/index.php\/produit\/mes-secrets-pour-des-visuels-reussis\/#primaryimage"},"image":{"@id":"https:\/\/coraliemua.fr\/index.php\/produit\/mes-secrets-pour-des-visuels-reussis\/#primaryimage"},"thumbnailUrl":"https:\/\/coraliemua.fr\/wp-content\/uploads\/2023\/10\/IMG_0831-scaled.jpeg","datePublished":"2023-10-17T08:26:17+00:00","dateModified":"2026-03-26T08:15:57+00:00","description":"D\u00e9couvres mon ebook avec toutes mes astuces pour r\u00e9ussir tes photos et visuels pour booster ta pr\u00e9sence sur les r\u00e9seaux sociaux !","breadcrumb":{"@id":"https:\/\/coraliemua.fr\/index.php\/produit\/mes-secrets-pour-des-visuels-reussis\/#breadcrumb"},"inLanguage":"fr-FR","potentialAction":[{"@type":"ReadAction","target":["https:\/\/coraliemua.fr\/index.php\/produit\/mes-secrets-pour-des-visuels-reussis\/"]}]},{"@type":"ImageObject","inLanguage":"fr-FR","@id":"https:\/\/coraliemua.fr\/index.php\/produit\/mes-secrets-pour-des-visuels-reussis\/#primaryimage","url":"https:\/\/coraliemua.fr\/wp-content\/uploads\/2023\/10\/IMG_0831-scaled.jpeg","contentUrl":"https:\/\/coraliemua.fr\/wp-content\/uploads\/2023\/10\/IMG_0831-scaled.jpeg","width":1440,"height":2560},{"@type":"BreadcrumbList","@id":"https:\/\/coraliemua.fr\/index.php\/produit\/mes-secrets-pour-des-visuels-reussis\/#breadcrumb","itemListElement":[{"@type":"ListItem","position":1,"name":"Accueil","item":"https:\/\/coraliemua.fr\/"},{"@type":"ListItem","position":2,"name":"Produits","item":"https:\/\/coraliemua.fr\/index.php\/shop\/"},{"@type":"ListItem","position":3,"name":"Ebook &#8211; Mes secrets pour des visuels r\u00e9ussis"}]},{"@type":"WebSite","@id":"https:\/\/coraliemua.fr\/#website","url":"https:\/\/coraliemua.fr\/","name":"CoralieMua","description":"Formations en ligne pour proth\u00e9siste ongulaire","potentialAction":[{"@type":"SearchAction","target":{"@type":"EntryPoint","urlTemplate":"https:\/\/coraliemua.fr\/?s={search_term_string}"},"query-input":{"@type":"PropertyValueSpecification","valueRequired":true,"valueName":"search_term_string"}}],"inLanguage":"fr-FR"}]}},"_links":{"self":[{"href":"https:\/\/coraliemua.fr\/index.php\/wp-json\/wp\/v2\/product\/24","targetHints":{"allow":["GET"]}}],"collection":[{"href":"https:\/\/coraliemua.fr\/index.php\/wp-json\/wp\/v2\/product"}],"about":[{"href":"https:\/\/coraliemua.fr\/index.php\/wp-json\/wp\/v2\/types\/product"}],"replies":[{"embeddable":true,"href":"https:\/\/coraliemua.fr\/index.php\/wp-json\/wp\/v2\/comments?post=24"}],"wp:featuredmedia":[{"embeddable":true,"href":"https:\/\/coraliemua.fr\/index.php\/wp-json\/wp\/v2\/media\/275"}],"wp:attachment":[{"href":"https:\/\/coraliemua.fr\/index.php\/wp-json\/wp\/v2\/media?parent=24"}],"wp:term":[{"taxonomy":"product_brand","embeddable":true,"href":"https:\/\/coraliemua.fr\/index.php\/wp-json\/wp\/v2\/product_brand?post=24"},{"taxonomy":"product_cat","embeddable":true,"href":"https:\/\/coraliemua.fr\/index.php\/wp-json\/wp\/v2\/product_cat?post=24"},{"taxonomy":"product_tag","embeddable":true,"href":"https:\/\/coraliemua.fr\/index.php\/wp-json\/wp\/v2\/product_tag?post=24"}],"curies":[{"name":"wp","href":"https:\/\/api.w.org\/{rel}","templated":true}]}}