{"id":26,"date":"2023-10-17T10:28:49","date_gmt":"2023-10-17T08:28:49","guid":{"rendered":"https:\/\/coraliemua.fr\/?post_type=product&#038;p=26"},"modified":"2026-03-26T09:15:47","modified_gmt":"2026-03-26T08:15:47","slug":"tout-sur-la-pose-americaine","status":"publish","type":"product","link":"https:\/\/coraliemua.fr\/index.php\/produit\/tout-sur-la-pose-americaine\/","title":{"rendered":"Ebook &#8211; Tout sur la pose am\u00e9ricaine"},"content":{"rendered":"<div class=\"flex-col gap-1 md:gap-3\">\n<div class=\"flex flex-grow flex-col gap-3 max-w-full\">\n<div class=\"min-h-[20px] flex flex-col items-start gap-3 whitespace-pre-wrap break-words overflow-x-auto\" data-message-author-role=\"assistant\" data-message-id=\"057d0748-10c1-4354-b33c-9e79b361c257\">\n<div class=\"markdown prose w-full break-words dark:prose-invert dark\">\n<p>D\u00e9couvre mon Ebook complet de 44 pages, un guide incontournable pour ma\u00eetriser la pose am\u00e9ricaine. Con\u00e7u pour les d\u00e9butants souhaitant acqu\u00e9rir des comp\u00e9tences solides, mais \u00e9galement adapt\u00e9 aux niveaux plus avanc\u00e9s en qu\u00eate de perfectionnement, cet Ebook couvre tous les aspects essentiels de cette technique de pose.<\/p>\n<p>\u00c0 l&rsquo;int\u00e9rieur, tu trouveras un protocole de pose d\u00e9taill\u00e9, des instructions claires pour une d\u00e9pose sans accroc, des astuces pour pr\u00e9venir les d\u00e9collements, et une liste exhaustive du mat\u00e9riel n\u00e9cessaire. De plus, je partagerai mes secrets inestimables pour garantir une pose r\u00e9ussie.<\/p>\n<p>Que tu sois un professionnel de la beaut\u00e9 des ongles cherchant \u00e0 \u00e9largir tes comp\u00e9tences ou simplement un amateur passionn\u00e9 de nail art, cet Ebook est une ressource inestimable pour perfectionner ta technique de pose am\u00e9ricaine.<\/p>\n<p>T\u00e9l\u00e9charge-le d\u00e8s maintenant pour commencer ton voyage vers une ma\u00eetrise totale de cette technique. En quelques clics, tu auras acc\u00e8s \u00e0 un tr\u00e9sor d&rsquo;informations qui te propulseront vers des poses am\u00e9ricaines exceptionnelles.<\/p>\n<\/div>\n<\/div>\n<\/div>\n<\/div>\n","protected":false},"excerpt":{"rendered":"<p>Cet ebook t&rsquo;apprend tout sur la pose GelX<\/p>\n","protected":false},"featured_media":277,"comment_status":"open","ping_status":"closed","template":"","meta":[],"product_brand":[],"product_cat":[26],"product_tag":[22,19],"class_list":{"0":"post-26","1":"product","2":"type-product","3":"status-publish","4":"has-post-thumbnail","6":"product_cat-ebook","7":"product_tag-ebook","8":"product_tag-nail","10":"first","11":"instock","12":"sale","13":"downloadable","14":"shipping-taxable","15":"purchasable","16":"product-type-simple"},"yoast_head":"<!-- This site is optimized with the Yoast SEO plugin v25.3.1 - https:\/\/yoast.com\/wordpress\/plugins\/seo\/ -->\n<title>Ebook - Tout sur la pose am\u00e9ricaine - CoralieMua<\/title>\n<meta name=\"description\" content=\"D\u00e9couvres mon ebook avec toutes mes astuces et \u00e9tapes pour r\u00e9ussir une pose am\u00e9ricaine \/ GelX et d\u00e9veloppes enfin tes comp\u00e9tences de professionnelle !\" \/>\n<meta name=\"robots\" content=\"index, follow, max-snippet:-1, max-image-preview:large, max-video-preview:-1\" \/>\n<link rel=\"canonical\" href=\"https:\/\/coraliemua.fr\/index.php\/produit\/tout-sur-la-pose-americaine\/\" \/>\n<meta property=\"og:locale\" content=\"fr_FR\" \/>\n<meta property=\"og:type\" content=\"article\" \/>\n<meta property=\"og:title\" content=\"Ebook - Tout sur la pose am\u00e9ricaine - CoralieMua\" \/>\n<meta property=\"og:description\" content=\"D\u00e9couvres mon ebook avec toutes mes astuces et \u00e9tapes pour r\u00e9ussir une pose am\u00e9ricaine \/ GelX et d\u00e9veloppes enfin tes comp\u00e9tences de professionnelle !\" \/>\n<meta property=\"og:url\" content=\"https:\/\/coraliemua.fr\/index.php\/produit\/tout-sur-la-pose-americaine\/\" \/>\n<meta property=\"og:site_name\" content=\"CoralieMua\" \/>\n<meta property=\"article:modified_time\" content=\"2026-03-26T08:15:47+00:00\" \/>\n<meta property=\"og:image\" content=\"https:\/\/coraliemua.fr\/wp-content\/uploads\/2023\/10\/IMG_3421-scaled.jpeg\" \/>\n\t<meta property=\"og:image:width\" content=\"2560\" \/>\n\t<meta property=\"og:image:height\" content=\"2560\" \/>\n\t<meta property=\"og:image:type\" content=\"image\/jpeg\" \/>\n<meta name=\"twitter:card\" content=\"summary_large_image\" \/>\n<meta name=\"twitter:label1\" content=\"Dur\u00e9e de lecture estim\u00e9e\" \/>\n\t<meta name=\"twitter:data1\" content=\"1 minute\" \/>\n<script type=\"application\/ld+json\" class=\"yoast-schema-graph\">{\"@context\":\"https:\/\/schema.org\",\"@graph\":[{\"@type\":\"WebPage\",\"@id\":\"https:\/\/coraliemua.fr\/index.php\/produit\/tout-sur-la-pose-americaine\/\",\"url\":\"https:\/\/coraliemua.fr\/index.php\/produit\/tout-sur-la-pose-americaine\/\",\"name\":\"Ebook - Tout sur la pose am\u00e9ricaine - CoralieMua\",\"isPartOf\":{\"@id\":\"https:\/\/coraliemua.fr\/#website\"},\"primaryImageOfPage\":{\"@id\":\"https:\/\/coraliemua.fr\/index.php\/produit\/tout-sur-la-pose-americaine\/#primaryimage\"},\"image\":{\"@id\":\"https:\/\/coraliemua.fr\/index.php\/produit\/tout-sur-la-pose-americaine\/#primaryimage\"},\"thumbnailUrl\":\"https:\/\/coraliemua.fr\/wp-content\/uploads\/2023\/10\/IMG_3421-scaled.jpeg\",\"datePublished\":\"2023-10-17T08:28:49+00:00\",\"dateModified\":\"2026-03-26T08:15:47+00:00\",\"description\":\"D\u00e9couvres mon ebook avec toutes mes astuces et \u00e9tapes pour r\u00e9ussir une pose am\u00e9ricaine \/ GelX et d\u00e9veloppes enfin tes comp\u00e9tences de professionnelle !\",\"breadcrumb\":{\"@id\":\"https:\/\/coraliemua.fr\/index.php\/produit\/tout-sur-la-pose-americaine\/#breadcrumb\"},\"inLanguage\":\"fr-FR\",\"potentialAction\":[{\"@type\":\"ReadAction\",\"target\":[\"https:\/\/coraliemua.fr\/index.php\/produit\/tout-sur-la-pose-americaine\/\"]}]},{\"@type\":\"ImageObject\",\"inLanguage\":\"fr-FR\",\"@id\":\"https:\/\/coraliemua.fr\/index.php\/produit\/tout-sur-la-pose-americaine\/#primaryimage\",\"url\":\"https:\/\/coraliemua.fr\/wp-content\/uploads\/2023\/10\/IMG_3421-scaled.jpeg\",\"contentUrl\":\"https:\/\/coraliemua.fr\/wp-content\/uploads\/2023\/10\/IMG_3421-scaled.jpeg\",\"width\":2560,\"height\":2560},{\"@type\":\"BreadcrumbList\",\"@id\":\"https:\/\/coraliemua.fr\/index.php\/produit\/tout-sur-la-pose-americaine\/#breadcrumb\",\"itemListElement\":[{\"@type\":\"ListItem\",\"position\":1,\"name\":\"Accueil\",\"item\":\"https:\/\/coraliemua.fr\/\"},{\"@type\":\"ListItem\",\"position\":2,\"name\":\"Produits\",\"item\":\"https:\/\/coraliemua.fr\/index.php\/shop\/\"},{\"@type\":\"ListItem\",\"position\":3,\"name\":\"Ebook &#8211; Tout sur la pose am\u00e9ricaine\"}]},{\"@type\":\"WebSite\",\"@id\":\"https:\/\/coraliemua.fr\/#website\",\"url\":\"https:\/\/coraliemua.fr\/\",\"name\":\"CoralieMua\",\"description\":\"Formations en ligne pour proth\u00e9siste ongulaire\",\"potentialAction\":[{\"@type\":\"SearchAction\",\"target\":{\"@type\":\"EntryPoint\",\"urlTemplate\":\"https:\/\/coraliemua.fr\/?s={search_term_string}\"},\"query-input\":{\"@type\":\"PropertyValueSpecification\",\"valueRequired\":true,\"valueName\":\"search_term_string\"}}],\"inLanguage\":\"fr-FR\"}]}<\/script>\n<!-- \/ Yoast SEO plugin. -->","yoast_head_json":{"title":"Ebook - Tout sur la pose am\u00e9ricaine - CoralieMua","description":"D\u00e9couvres mon ebook avec toutes mes astuces et \u00e9tapes pour r\u00e9ussir une pose am\u00e9ricaine \/ GelX et d\u00e9veloppes enfin tes comp\u00e9tences de professionnelle !","robots":{"index":"index","follow":"follow","max-snippet":"max-snippet:-1","max-image-preview":"max-image-preview:large","max-video-preview":"max-video-preview:-1"},"canonical":"https:\/\/coraliemua.fr\/index.php\/produit\/tout-sur-la-pose-americaine\/","og_locale":"fr_FR","og_type":"article","og_title":"Ebook - Tout sur la pose am\u00e9ricaine - CoralieMua","og_description":"D\u00e9couvres mon ebook avec toutes mes astuces et \u00e9tapes pour r\u00e9ussir une pose am\u00e9ricaine \/ GelX et d\u00e9veloppes enfin tes comp\u00e9tences de professionnelle !","og_url":"https:\/\/coraliemua.fr\/index.php\/produit\/tout-sur-la-pose-americaine\/","og_site_name":"CoralieMua","article_modified_time":"2026-03-26T08:15:47+00:00","og_image":[{"width":2560,"height":2560,"url":"https:\/\/coraliemua.fr\/wp-content\/uploads\/2023\/10\/IMG_3421-scaled.jpeg","type":"image\/jpeg"}],"twitter_card":"summary_large_image","twitter_misc":{"Dur\u00e9e de lecture estim\u00e9e":"1 minute"},"schema":{"@context":"https:\/\/schema.org","@graph":[{"@type":"WebPage","@id":"https:\/\/coraliemua.fr\/index.php\/produit\/tout-sur-la-pose-americaine\/","url":"https:\/\/coraliemua.fr\/index.php\/produit\/tout-sur-la-pose-americaine\/","name":"Ebook - Tout sur la pose am\u00e9ricaine - CoralieMua","isPartOf":{"@id":"https:\/\/coraliemua.fr\/#website"},"primaryImageOfPage":{"@id":"https:\/\/coraliemua.fr\/index.php\/produit\/tout-sur-la-pose-americaine\/#primaryimage"},"image":{"@id":"https:\/\/coraliemua.fr\/index.php\/produit\/tout-sur-la-pose-americaine\/#primaryimage"},"thumbnailUrl":"https:\/\/coraliemua.fr\/wp-content\/uploads\/2023\/10\/IMG_3421-scaled.jpeg","datePublished":"2023-10-17T08:28:49+00:00","dateModified":"2026-03-26T08:15:47+00:00","description":"D\u00e9couvres mon ebook avec toutes mes astuces et \u00e9tapes pour r\u00e9ussir une pose am\u00e9ricaine \/ GelX et d\u00e9veloppes enfin tes comp\u00e9tences de professionnelle !","breadcrumb":{"@id":"https:\/\/coraliemua.fr\/index.php\/produit\/tout-sur-la-pose-americaine\/#breadcrumb"},"inLanguage":"fr-FR","potentialAction":[{"@type":"ReadAction","target":["https:\/\/coraliemua.fr\/index.php\/produit\/tout-sur-la-pose-americaine\/"]}]},{"@type":"ImageObject","inLanguage":"fr-FR","@id":"https:\/\/coraliemua.fr\/index.php\/produit\/tout-sur-la-pose-americaine\/#primaryimage","url":"https:\/\/coraliemua.fr\/wp-content\/uploads\/2023\/10\/IMG_3421-scaled.jpeg","contentUrl":"https:\/\/coraliemua.fr\/wp-content\/uploads\/2023\/10\/IMG_3421-scaled.jpeg","width":2560,"height":2560},{"@type":"BreadcrumbList","@id":"https:\/\/coraliemua.fr\/index.php\/produit\/tout-sur-la-pose-americaine\/#breadcrumb","itemListElement":[{"@type":"ListItem","position":1,"name":"Accueil","item":"https:\/\/coraliemua.fr\/"},{"@type":"ListItem","position":2,"name":"Produits","item":"https:\/\/coraliemua.fr\/index.php\/shop\/"},{"@type":"ListItem","position":3,"name":"Ebook &#8211; Tout sur la pose am\u00e9ricaine"}]},{"@type":"WebSite","@id":"https:\/\/coraliemua.fr\/#website","url":"https:\/\/coraliemua.fr\/","name":"CoralieMua","description":"Formations en ligne pour proth\u00e9siste ongulaire","potentialAction":[{"@type":"SearchAction","target":{"@type":"EntryPoint","urlTemplate":"https:\/\/coraliemua.fr\/?s={search_term_string}"},"query-input":{"@type":"PropertyValueSpecification","valueRequired":true,"valueName":"search_term_string"}}],"inLanguage":"fr-FR"}]}},"_links":{"self":[{"href":"https:\/\/coraliemua.fr\/index.php\/wp-json\/wp\/v2\/product\/26","targetHints":{"allow":["GET"]}}],"collection":[{"href":"https:\/\/coraliemua.fr\/index.php\/wp-json\/wp\/v2\/product"}],"about":[{"href":"https:\/\/coraliemua.fr\/index.php\/wp-json\/wp\/v2\/types\/product"}],"replies":[{"embeddable":true,"href":"https:\/\/coraliemua.fr\/index.php\/wp-json\/wp\/v2\/comments?post=26"}],"wp:featuredmedia":[{"embeddable":true,"href":"https:\/\/coraliemua.fr\/index.php\/wp-json\/wp\/v2\/media\/277"}],"wp:attachment":[{"href":"https:\/\/coraliemua.fr\/index.php\/wp-json\/wp\/v2\/media?parent=26"}],"wp:term":[{"taxonomy":"product_brand","embeddable":true,"href":"https:\/\/coraliemua.fr\/index.php\/wp-json\/wp\/v2\/product_brand?post=26"},{"taxonomy":"product_cat","embeddable":true,"href":"https:\/\/coraliemua.fr\/index.php\/wp-json\/wp\/v2\/product_cat?post=26"},{"taxonomy":"product_tag","embeddable":true,"href":"https:\/\/coraliemua.fr\/index.php\/wp-json\/wp\/v2\/product_tag?post=26"}],"curies":[{"name":"wp","href":"https:\/\/api.w.org\/{rel}","templated":true}]}}