{"id":282,"date":"2023-10-26T11:47:31","date_gmt":"2023-10-26T09:47:31","guid":{"rendered":"https:\/\/coraliemua.fr\/?post_type=product&#038;p=282"},"modified":"2026-03-26T09:15:20","modified_gmt":"2026-03-26T08:15:20","slug":"tout-sur-la-pose-gelx","status":"publish","type":"product","link":"https:\/\/coraliemua.fr\/index.php\/produit\/tout-sur-la-pose-gelx\/","title":{"rendered":"Tout sur la pose GelX"},"content":{"rendered":"<div class=\"flex flex-grow flex-col gap-3 max-w-full\">\n<div class=\"min-h-[20px] flex flex-col items-start gap-3 whitespace-pre-wrap break-words overflow-x-auto\" data-message-author-role=\"assistant\" data-message-id=\"2708bd8a-1e8f-4e14-8b1a-ab9d19b683d8\">\n<div class=\"markdown prose w-full break-words dark:prose-invert dark\">\n<p>Dans cette formation vid\u00e9o, vous allez apprendre \u00e0 ma\u00eetriser l&rsquo;art de l&rsquo;extension Gel X, une technique polyvalente qui vous permettra de gagner un temps pr\u00e9cieux en client\u00e8le tout en offrant des r\u00e9sultats impeccables.<\/p>\n<p>Au cours de cette formation, je vous guiderez \u00e0 travers les \u00e9tapes essentielles pour r\u00e9aliser des extensions de Gel X sous diff\u00e9rentes formes, notamment l&rsquo;amande, le carr\u00e9, le coffin et le stiletto. Vous apprendrez \u00e0 travailler avec des capsules clear et color\u00e9es pour une vari\u00e9t\u00e9 de styles et d&rsquo;options de design.<\/p>\n<p>Que vous soyez un professionnel chevronn\u00e9 cherchant \u00e0 perfectionner vos comp\u00e9tences ou un d\u00e9butant passionn\u00e9 par la proth\u00e9sie ongulaire, cette formation est con\u00e7ue pour vous. Elle vous donnera les comp\u00e9tences n\u00e9cessaires pour offrir \u00e0 vos clients des poses \u00e0 la fois durables et esth\u00e9tiquement impressionnantes.<\/p>\n<p>Vous b\u00e9n\u00e9ficierez \u00e9galement d&rsquo;un certificat de formation, attestant le suivi de cette formation.<\/p>\n<p>De plus, avec un acc\u00e8s \u00e0 vie \u00e0 cette formation en ligne, vous pourrez revisiter le contenu \u00e0 votre rythme, approfondir vos comp\u00e9tences et rester constamment \u00e0 jour.<\/p>\n<\/div>\n<\/div>\n<\/div>\n","protected":false},"excerpt":{"rendered":"<p>Formation vid\u00e9o sur les poses GelX<\/p>\n","protected":false},"featured_media":584,"comment_status":"open","ping_status":"closed","template":"","meta":[],"product_brand":[],"product_cat":[24],"product_tag":[21,19],"class_list":{"0":"post-282","1":"product","2":"type-product","3":"status-publish","4":"has-post-thumbnail","6":"product_cat-foamtions-videos","7":"product_tag-formation-videos","8":"product_tag-nail","10":"first","11":"instock","12":"sale","13":"downloadable","14":"shipping-taxable","15":"purchasable","16":"product-type-simple"},"yoast_head":"<!-- This site is optimized with the Yoast SEO plugin v25.3.1 - https:\/\/yoast.com\/wordpress\/plugins\/seo\/ -->\n<title>Tout sur la pose GelX - CoralieMua<\/title>\n<meta name=\"description\" content=\"D\u00e9couvres ma formation vid\u00e9o compl\u00e8te sur la technique de pose GelX \/ Pose am\u00e9ricaine et d\u00e9veloppes tes comp\u00e9tences en pose !\" \/>\n<meta name=\"robots\" content=\"index, follow, max-snippet:-1, max-image-preview:large, max-video-preview:-1\" \/>\n<link rel=\"canonical\" href=\"https:\/\/coraliemua.fr\/index.php\/produit\/tout-sur-la-pose-gelx\/\" \/>\n<meta property=\"og:locale\" content=\"fr_FR\" \/>\n<meta property=\"og:type\" content=\"article\" \/>\n<meta property=\"og:title\" content=\"Tout sur la pose GelX - CoralieMua\" \/>\n<meta property=\"og:description\" content=\"D\u00e9couvres ma formation vid\u00e9o compl\u00e8te sur la technique de pose GelX \/ Pose am\u00e9ricaine et d\u00e9veloppes tes comp\u00e9tences en pose !\" \/>\n<meta property=\"og:url\" content=\"https:\/\/coraliemua.fr\/index.php\/produit\/tout-sur-la-pose-gelx\/\" \/>\n<meta property=\"og:site_name\" content=\"CoralieMua\" \/>\n<meta property=\"article:modified_time\" content=\"2026-03-26T08:15:20+00:00\" \/>\n<meta property=\"og:image\" content=\"https:\/\/coraliemua.fr\/wp-content\/uploads\/2023\/10\/600x600gelx-1.png\" \/>\n\t<meta property=\"og:image:width\" content=\"600\" \/>\n\t<meta property=\"og:image:height\" content=\"600\" \/>\n\t<meta property=\"og:image:type\" content=\"image\/png\" \/>\n<meta name=\"twitter:card\" content=\"summary_large_image\" \/>\n<meta name=\"twitter:label1\" content=\"Dur\u00e9e de lecture estim\u00e9e\" \/>\n\t<meta name=\"twitter:data1\" content=\"2 minutes\" \/>\n<script type=\"application\/ld+json\" class=\"yoast-schema-graph\">{\"@context\":\"https:\/\/schema.org\",\"@graph\":[{\"@type\":\"WebPage\",\"@id\":\"https:\/\/coraliemua.fr\/index.php\/produit\/tout-sur-la-pose-gelx\/\",\"url\":\"https:\/\/coraliemua.fr\/index.php\/produit\/tout-sur-la-pose-gelx\/\",\"name\":\"Tout sur la pose GelX - CoralieMua\",\"isPartOf\":{\"@id\":\"https:\/\/coraliemua.fr\/#website\"},\"primaryImageOfPage\":{\"@id\":\"https:\/\/coraliemua.fr\/index.php\/produit\/tout-sur-la-pose-gelx\/#primaryimage\"},\"image\":{\"@id\":\"https:\/\/coraliemua.fr\/index.php\/produit\/tout-sur-la-pose-gelx\/#primaryimage\"},\"thumbnailUrl\":\"https:\/\/coraliemua.fr\/wp-content\/uploads\/2023\/10\/600x600gelx-1.png\",\"datePublished\":\"2023-10-26T09:47:31+00:00\",\"dateModified\":\"2026-03-26T08:15:20+00:00\",\"description\":\"D\u00e9couvres ma formation vid\u00e9o compl\u00e8te sur la technique de pose GelX \/ Pose am\u00e9ricaine et d\u00e9veloppes tes comp\u00e9tences en pose !\",\"breadcrumb\":{\"@id\":\"https:\/\/coraliemua.fr\/index.php\/produit\/tout-sur-la-pose-gelx\/#breadcrumb\"},\"inLanguage\":\"fr-FR\",\"potentialAction\":[{\"@type\":\"ReadAction\",\"target\":[\"https:\/\/coraliemua.fr\/index.php\/produit\/tout-sur-la-pose-gelx\/\"]}]},{\"@type\":\"ImageObject\",\"inLanguage\":\"fr-FR\",\"@id\":\"https:\/\/coraliemua.fr\/index.php\/produit\/tout-sur-la-pose-gelx\/#primaryimage\",\"url\":\"https:\/\/coraliemua.fr\/wp-content\/uploads\/2023\/10\/600x600gelx-1.png\",\"contentUrl\":\"https:\/\/coraliemua.fr\/wp-content\/uploads\/2023\/10\/600x600gelx-1.png\",\"width\":600,\"height\":600},{\"@type\":\"BreadcrumbList\",\"@id\":\"https:\/\/coraliemua.fr\/index.php\/produit\/tout-sur-la-pose-gelx\/#breadcrumb\",\"itemListElement\":[{\"@type\":\"ListItem\",\"position\":1,\"name\":\"Accueil\",\"item\":\"https:\/\/coraliemua.fr\/\"},{\"@type\":\"ListItem\",\"position\":2,\"name\":\"Produits\",\"item\":\"https:\/\/coraliemua.fr\/index.php\/shop\/\"},{\"@type\":\"ListItem\",\"position\":3,\"name\":\"Tout sur la pose GelX\"}]},{\"@type\":\"WebSite\",\"@id\":\"https:\/\/coraliemua.fr\/#website\",\"url\":\"https:\/\/coraliemua.fr\/\",\"name\":\"CoralieMua\",\"description\":\"Formations en ligne pour proth\u00e9siste ongulaire\",\"potentialAction\":[{\"@type\":\"SearchAction\",\"target\":{\"@type\":\"EntryPoint\",\"urlTemplate\":\"https:\/\/coraliemua.fr\/?s={search_term_string}\"},\"query-input\":{\"@type\":\"PropertyValueSpecification\",\"valueRequired\":true,\"valueName\":\"search_term_string\"}}],\"inLanguage\":\"fr-FR\"}]}<\/script>\n<!-- \/ Yoast SEO plugin. -->","yoast_head_json":{"title":"Tout sur la pose GelX - CoralieMua","description":"D\u00e9couvres ma formation vid\u00e9o compl\u00e8te sur la technique de pose GelX \/ Pose am\u00e9ricaine et d\u00e9veloppes tes comp\u00e9tences en pose !","robots":{"index":"index","follow":"follow","max-snippet":"max-snippet:-1","max-image-preview":"max-image-preview:large","max-video-preview":"max-video-preview:-1"},"canonical":"https:\/\/coraliemua.fr\/index.php\/produit\/tout-sur-la-pose-gelx\/","og_locale":"fr_FR","og_type":"article","og_title":"Tout sur la pose GelX - CoralieMua","og_description":"D\u00e9couvres ma formation vid\u00e9o compl\u00e8te sur la technique de pose GelX \/ Pose am\u00e9ricaine et d\u00e9veloppes tes comp\u00e9tences en pose !","og_url":"https:\/\/coraliemua.fr\/index.php\/produit\/tout-sur-la-pose-gelx\/","og_site_name":"CoralieMua","article_modified_time":"2026-03-26T08:15:20+00:00","og_image":[{"width":600,"height":600,"url":"https:\/\/coraliemua.fr\/wp-content\/uploads\/2023\/10\/600x600gelx-1.png","type":"image\/png"}],"twitter_card":"summary_large_image","twitter_misc":{"Dur\u00e9e de lecture estim\u00e9e":"2 minutes"},"schema":{"@context":"https:\/\/schema.org","@graph":[{"@type":"WebPage","@id":"https:\/\/coraliemua.fr\/index.php\/produit\/tout-sur-la-pose-gelx\/","url":"https:\/\/coraliemua.fr\/index.php\/produit\/tout-sur-la-pose-gelx\/","name":"Tout sur la pose GelX - CoralieMua","isPartOf":{"@id":"https:\/\/coraliemua.fr\/#website"},"primaryImageOfPage":{"@id":"https:\/\/coraliemua.fr\/index.php\/produit\/tout-sur-la-pose-gelx\/#primaryimage"},"image":{"@id":"https:\/\/coraliemua.fr\/index.php\/produit\/tout-sur-la-pose-gelx\/#primaryimage"},"thumbnailUrl":"https:\/\/coraliemua.fr\/wp-content\/uploads\/2023\/10\/600x600gelx-1.png","datePublished":"2023-10-26T09:47:31+00:00","dateModified":"2026-03-26T08:15:20+00:00","description":"D\u00e9couvres ma formation vid\u00e9o compl\u00e8te sur la technique de pose GelX \/ Pose am\u00e9ricaine et d\u00e9veloppes tes comp\u00e9tences en pose !","breadcrumb":{"@id":"https:\/\/coraliemua.fr\/index.php\/produit\/tout-sur-la-pose-gelx\/#breadcrumb"},"inLanguage":"fr-FR","potentialAction":[{"@type":"ReadAction","target":["https:\/\/coraliemua.fr\/index.php\/produit\/tout-sur-la-pose-gelx\/"]}]},{"@type":"ImageObject","inLanguage":"fr-FR","@id":"https:\/\/coraliemua.fr\/index.php\/produit\/tout-sur-la-pose-gelx\/#primaryimage","url":"https:\/\/coraliemua.fr\/wp-content\/uploads\/2023\/10\/600x600gelx-1.png","contentUrl":"https:\/\/coraliemua.fr\/wp-content\/uploads\/2023\/10\/600x600gelx-1.png","width":600,"height":600},{"@type":"BreadcrumbList","@id":"https:\/\/coraliemua.fr\/index.php\/produit\/tout-sur-la-pose-gelx\/#breadcrumb","itemListElement":[{"@type":"ListItem","position":1,"name":"Accueil","item":"https:\/\/coraliemua.fr\/"},{"@type":"ListItem","position":2,"name":"Produits","item":"https:\/\/coraliemua.fr\/index.php\/shop\/"},{"@type":"ListItem","position":3,"name":"Tout sur la pose GelX"}]},{"@type":"WebSite","@id":"https:\/\/coraliemua.fr\/#website","url":"https:\/\/coraliemua.fr\/","name":"CoralieMua","description":"Formations en ligne pour proth\u00e9siste ongulaire","potentialAction":[{"@type":"SearchAction","target":{"@type":"EntryPoint","urlTemplate":"https:\/\/coraliemua.fr\/?s={search_term_string}"},"query-input":{"@type":"PropertyValueSpecification","valueRequired":true,"valueName":"search_term_string"}}],"inLanguage":"fr-FR"}]}},"_links":{"self":[{"href":"https:\/\/coraliemua.fr\/index.php\/wp-json\/wp\/v2\/product\/282","targetHints":{"allow":["GET"]}}],"collection":[{"href":"https:\/\/coraliemua.fr\/index.php\/wp-json\/wp\/v2\/product"}],"about":[{"href":"https:\/\/coraliemua.fr\/index.php\/wp-json\/wp\/v2\/types\/product"}],"replies":[{"embeddable":true,"href":"https:\/\/coraliemua.fr\/index.php\/wp-json\/wp\/v2\/comments?post=282"}],"wp:featuredmedia":[{"embeddable":true,"href":"https:\/\/coraliemua.fr\/index.php\/wp-json\/wp\/v2\/media\/584"}],"wp:attachment":[{"href":"https:\/\/coraliemua.fr\/index.php\/wp-json\/wp\/v2\/media?parent=282"}],"wp:term":[{"taxonomy":"product_brand","embeddable":true,"href":"https:\/\/coraliemua.fr\/index.php\/wp-json\/wp\/v2\/product_brand?post=282"},{"taxonomy":"product_cat","embeddable":true,"href":"https:\/\/coraliemua.fr\/index.php\/wp-json\/wp\/v2\/product_cat?post=282"},{"taxonomy":"product_tag","embeddable":true,"href":"https:\/\/coraliemua.fr\/index.php\/wp-json\/wp\/v2\/product_tag?post=282"}],"curies":[{"name":"wp","href":"https:\/\/api.w.org\/{rel}","templated":true}]}}