{"id":283,"date":"2023-10-26T11:50:02","date_gmt":"2023-10-26T09:50:02","guid":{"rendered":"https:\/\/coraliemua.fr\/?post_type=product&#038;p=283"},"modified":"2026-03-26T09:15:03","modified_gmt":"2026-03-26T08:15:03","slug":"le-nail-art","status":"publish","type":"product","link":"https:\/\/coraliemua.fr\/index.php\/produit\/le-nail-art\/","title":{"rendered":"Le Nail Art"},"content":{"rendered":"<div class=\"flex-col gap-1 md:gap-3\">\n<div class=\"flex flex-grow flex-col gap-3 max-w-full\">\n<div class=\"min-h-[20px] flex flex-col items-start gap-3 whitespace-pre-wrap break-words overflow-x-auto\" data-message-author-role=\"assistant\" data-message-id=\"ac6b1c06-186a-466f-99b7-af0ba76fa509\">\n<div class=\"markdown prose w-full break-words dark:prose-invert dark\">\n<p>Plongez dans le monde cr\u00e9atif de l&rsquo;art des ongles avec ma mini formation vid\u00e9o exclusive. Au cours de cette formation, vous ma\u00eetriserez deux nails arts tendance pour l&rsquo;automne : le tortoise et l&rsquo;effet \u00e9cailles.<\/p>\n<p>Vous d\u00e9couvrirez les techniques, les astuces et les secrets\u00a0 pour cr\u00e9er des manucures impeccables qui refl\u00e8tent parfaitement la saison automnale. Que vous soyez un passionn\u00e9 de nail art en herbe ou un professionnel cherchant \u00e0 \u00e9largir votre r\u00e9pertoire, cette formation est con\u00e7ue pour vous.<\/p>\n<p>Le point culminant de cette exp\u00e9rience de formation est que vous recevrez un certificat officiel de r\u00e9ussite \u00e0 la fin de la formation. C&rsquo;est la preuve tangible de vos nouvelles comp\u00e9tences et de votre engagement envers l&rsquo;art des ongles.<\/p>\n<p>Tout cela \u00e0 votre port\u00e9e gr\u00e2ce \u00e0 notre mini formation vid\u00e9o. Pr\u00e9parez-vous \u00e0 exceller dans le nail art\u00a0 et \u00e0 ajouter une nouvelle corde \u00e0 votre arc de comp\u00e9tences.<\/p>\n<p>Vous b\u00e9n\u00e9ficierez \u00e9galement d&rsquo;un certificat de formation, attestant le suivi de cette formation.<\/p>\n<p>De plus, avec un acc\u00e8s \u00e0 vie \u00e0 cette formation en ligne, vous pourrez revisiter le contenu \u00e0 votre rythme, approfondir vos comp\u00e9tences et rester constamment \u00e0 jour.<\/p>\n<\/div>\n<\/div>\n<\/div>\n<\/div>\n","protected":false},"excerpt":{"rendered":"<p>Formation vid\u00e9o nail art<\/p>\n","protected":false},"featured_media":1006,"comment_status":"open","ping_status":"closed","template":"","meta":[],"product_brand":[],"product_cat":[24],"product_tag":[21,18],"class_list":{"0":"post-283","1":"product","2":"type-product","3":"status-publish","4":"has-post-thumbnail","6":"product_cat-foamtions-videos","7":"product_tag-formation-videos","8":"product_tag-nail-art","10":"first","11":"instock","12":"sale","13":"downloadable","14":"shipping-taxable","15":"purchasable","16":"product-type-simple"},"yoast_head":"<!-- This site is optimized with the Yoast SEO plugin v25.3.1 - https:\/\/yoast.com\/wordpress\/plugins\/seo\/ -->\n<title>Le Nail Art - CoralieMua<\/title>\n<meta name=\"description\" content=\"D\u00e9couvres mes astuces et conseils dans ma formation vid\u00e9os sur une des tendances automnales de nail art : l&#039;effet \u00e9cailles !\" \/>\n<meta name=\"robots\" content=\"index, follow, max-snippet:-1, max-image-preview:large, max-video-preview:-1\" \/>\n<link rel=\"canonical\" href=\"https:\/\/coraliemua.fr\/index.php\/produit\/le-nail-art\/\" \/>\n<meta property=\"og:locale\" content=\"fr_FR\" \/>\n<meta property=\"og:type\" content=\"article\" \/>\n<meta property=\"og:title\" content=\"Le Nail Art - CoralieMua\" \/>\n<meta property=\"og:description\" content=\"D\u00e9couvres mes astuces et conseils dans ma formation vid\u00e9os sur une des tendances automnales de nail art : l&#039;effet \u00e9cailles !\" \/>\n<meta property=\"og:url\" content=\"https:\/\/coraliemua.fr\/index.php\/produit\/le-nail-art\/\" \/>\n<meta property=\"og:site_name\" content=\"CoralieMua\" \/>\n<meta property=\"article:modified_time\" content=\"2026-03-26T08:15:03+00:00\" \/>\n<meta property=\"og:image\" content=\"https:\/\/coraliemua.fr\/wp-content\/uploads\/2023\/10\/600x600nailart-1.png\" \/>\n\t<meta property=\"og:image:width\" content=\"600\" \/>\n\t<meta property=\"og:image:height\" content=\"600\" \/>\n\t<meta property=\"og:image:type\" content=\"image\/png\" \/>\n<meta name=\"twitter:card\" content=\"summary_large_image\" \/>\n<meta name=\"twitter:label1\" content=\"Dur\u00e9e de lecture estim\u00e9e\" \/>\n\t<meta name=\"twitter:data1\" content=\"2 minutes\" \/>\n<script type=\"application\/ld+json\" class=\"yoast-schema-graph\">{\"@context\":\"https:\/\/schema.org\",\"@graph\":[{\"@type\":\"WebPage\",\"@id\":\"https:\/\/coraliemua.fr\/index.php\/produit\/le-nail-art\/\",\"url\":\"https:\/\/coraliemua.fr\/index.php\/produit\/le-nail-art\/\",\"name\":\"Le Nail Art - CoralieMua\",\"isPartOf\":{\"@id\":\"https:\/\/coraliemua.fr\/#website\"},\"primaryImageOfPage\":{\"@id\":\"https:\/\/coraliemua.fr\/index.php\/produit\/le-nail-art\/#primaryimage\"},\"image\":{\"@id\":\"https:\/\/coraliemua.fr\/index.php\/produit\/le-nail-art\/#primaryimage\"},\"thumbnailUrl\":\"https:\/\/coraliemua.fr\/wp-content\/uploads\/2023\/10\/600x600nailart-1.png\",\"datePublished\":\"2023-10-26T09:50:02+00:00\",\"dateModified\":\"2026-03-26T08:15:03+00:00\",\"description\":\"D\u00e9couvres mes astuces et conseils dans ma formation vid\u00e9os sur une des tendances automnales de nail art : l'effet \u00e9cailles !\",\"breadcrumb\":{\"@id\":\"https:\/\/coraliemua.fr\/index.php\/produit\/le-nail-art\/#breadcrumb\"},\"inLanguage\":\"fr-FR\",\"potentialAction\":[{\"@type\":\"ReadAction\",\"target\":[\"https:\/\/coraliemua.fr\/index.php\/produit\/le-nail-art\/\"]}]},{\"@type\":\"ImageObject\",\"inLanguage\":\"fr-FR\",\"@id\":\"https:\/\/coraliemua.fr\/index.php\/produit\/le-nail-art\/#primaryimage\",\"url\":\"https:\/\/coraliemua.fr\/wp-content\/uploads\/2023\/10\/600x600nailart-1.png\",\"contentUrl\":\"https:\/\/coraliemua.fr\/wp-content\/uploads\/2023\/10\/600x600nailart-1.png\",\"width\":600,\"height\":600},{\"@type\":\"BreadcrumbList\",\"@id\":\"https:\/\/coraliemua.fr\/index.php\/produit\/le-nail-art\/#breadcrumb\",\"itemListElement\":[{\"@type\":\"ListItem\",\"position\":1,\"name\":\"Accueil\",\"item\":\"https:\/\/coraliemua.fr\/\"},{\"@type\":\"ListItem\",\"position\":2,\"name\":\"Produits\",\"item\":\"https:\/\/coraliemua.fr\/index.php\/shop\/\"},{\"@type\":\"ListItem\",\"position\":3,\"name\":\"Le Nail Art\"}]},{\"@type\":\"WebSite\",\"@id\":\"https:\/\/coraliemua.fr\/#website\",\"url\":\"https:\/\/coraliemua.fr\/\",\"name\":\"CoralieMua\",\"description\":\"Formations en ligne pour proth\u00e9siste ongulaire\",\"potentialAction\":[{\"@type\":\"SearchAction\",\"target\":{\"@type\":\"EntryPoint\",\"urlTemplate\":\"https:\/\/coraliemua.fr\/?s={search_term_string}\"},\"query-input\":{\"@type\":\"PropertyValueSpecification\",\"valueRequired\":true,\"valueName\":\"search_term_string\"}}],\"inLanguage\":\"fr-FR\"}]}<\/script>\n<!-- \/ Yoast SEO plugin. -->","yoast_head_json":{"title":"Le Nail Art - CoralieMua","description":"D\u00e9couvres mes astuces et conseils dans ma formation vid\u00e9os sur une des tendances automnales de nail art : l'effet \u00e9cailles !","robots":{"index":"index","follow":"follow","max-snippet":"max-snippet:-1","max-image-preview":"max-image-preview:large","max-video-preview":"max-video-preview:-1"},"canonical":"https:\/\/coraliemua.fr\/index.php\/produit\/le-nail-art\/","og_locale":"fr_FR","og_type":"article","og_title":"Le Nail Art - CoralieMua","og_description":"D\u00e9couvres mes astuces et conseils dans ma formation vid\u00e9os sur une des tendances automnales de nail art : l'effet \u00e9cailles !","og_url":"https:\/\/coraliemua.fr\/index.php\/produit\/le-nail-art\/","og_site_name":"CoralieMua","article_modified_time":"2026-03-26T08:15:03+00:00","og_image":[{"width":600,"height":600,"url":"https:\/\/coraliemua.fr\/wp-content\/uploads\/2023\/10\/600x600nailart-1.png","type":"image\/png"}],"twitter_card":"summary_large_image","twitter_misc":{"Dur\u00e9e de lecture estim\u00e9e":"2 minutes"},"schema":{"@context":"https:\/\/schema.org","@graph":[{"@type":"WebPage","@id":"https:\/\/coraliemua.fr\/index.php\/produit\/le-nail-art\/","url":"https:\/\/coraliemua.fr\/index.php\/produit\/le-nail-art\/","name":"Le Nail Art - CoralieMua","isPartOf":{"@id":"https:\/\/coraliemua.fr\/#website"},"primaryImageOfPage":{"@id":"https:\/\/coraliemua.fr\/index.php\/produit\/le-nail-art\/#primaryimage"},"image":{"@id":"https:\/\/coraliemua.fr\/index.php\/produit\/le-nail-art\/#primaryimage"},"thumbnailUrl":"https:\/\/coraliemua.fr\/wp-content\/uploads\/2023\/10\/600x600nailart-1.png","datePublished":"2023-10-26T09:50:02+00:00","dateModified":"2026-03-26T08:15:03+00:00","description":"D\u00e9couvres mes astuces et conseils dans ma formation vid\u00e9os sur une des tendances automnales de nail art : l'effet \u00e9cailles !","breadcrumb":{"@id":"https:\/\/coraliemua.fr\/index.php\/produit\/le-nail-art\/#breadcrumb"},"inLanguage":"fr-FR","potentialAction":[{"@type":"ReadAction","target":["https:\/\/coraliemua.fr\/index.php\/produit\/le-nail-art\/"]}]},{"@type":"ImageObject","inLanguage":"fr-FR","@id":"https:\/\/coraliemua.fr\/index.php\/produit\/le-nail-art\/#primaryimage","url":"https:\/\/coraliemua.fr\/wp-content\/uploads\/2023\/10\/600x600nailart-1.png","contentUrl":"https:\/\/coraliemua.fr\/wp-content\/uploads\/2023\/10\/600x600nailart-1.png","width":600,"height":600},{"@type":"BreadcrumbList","@id":"https:\/\/coraliemua.fr\/index.php\/produit\/le-nail-art\/#breadcrumb","itemListElement":[{"@type":"ListItem","position":1,"name":"Accueil","item":"https:\/\/coraliemua.fr\/"},{"@type":"ListItem","position":2,"name":"Produits","item":"https:\/\/coraliemua.fr\/index.php\/shop\/"},{"@type":"ListItem","position":3,"name":"Le Nail Art"}]},{"@type":"WebSite","@id":"https:\/\/coraliemua.fr\/#website","url":"https:\/\/coraliemua.fr\/","name":"CoralieMua","description":"Formations en ligne pour proth\u00e9siste ongulaire","potentialAction":[{"@type":"SearchAction","target":{"@type":"EntryPoint","urlTemplate":"https:\/\/coraliemua.fr\/?s={search_term_string}"},"query-input":{"@type":"PropertyValueSpecification","valueRequired":true,"valueName":"search_term_string"}}],"inLanguage":"fr-FR"}]}},"_links":{"self":[{"href":"https:\/\/coraliemua.fr\/index.php\/wp-json\/wp\/v2\/product\/283","targetHints":{"allow":["GET"]}}],"collection":[{"href":"https:\/\/coraliemua.fr\/index.php\/wp-json\/wp\/v2\/product"}],"about":[{"href":"https:\/\/coraliemua.fr\/index.php\/wp-json\/wp\/v2\/types\/product"}],"replies":[{"embeddable":true,"href":"https:\/\/coraliemua.fr\/index.php\/wp-json\/wp\/v2\/comments?post=283"}],"wp:featuredmedia":[{"embeddable":true,"href":"https:\/\/coraliemua.fr\/index.php\/wp-json\/wp\/v2\/media\/1006"}],"wp:attachment":[{"href":"https:\/\/coraliemua.fr\/index.php\/wp-json\/wp\/v2\/media?parent=283"}],"wp:term":[{"taxonomy":"product_brand","embeddable":true,"href":"https:\/\/coraliemua.fr\/index.php\/wp-json\/wp\/v2\/product_brand?post=283"},{"taxonomy":"product_cat","embeddable":true,"href":"https:\/\/coraliemua.fr\/index.php\/wp-json\/wp\/v2\/product_cat?post=283"},{"taxonomy":"product_tag","embeddable":true,"href":"https:\/\/coraliemua.fr\/index.php\/wp-json\/wp\/v2\/product_tag?post=283"}],"curies":[{"name":"wp","href":"https:\/\/api.w.org\/{rel}","templated":true}]}}