{"id":284,"date":"2023-10-26T11:52:54","date_gmt":"2023-10-26T09:52:54","guid":{"rendered":"https:\/\/coraliemua.fr\/?post_type=product&#038;p=284"},"modified":"2026-03-26T09:14:52","modified_gmt":"2026-03-26T08:14:52","slug":"la-retouche-photo","status":"publish","type":"product","link":"https:\/\/coraliemua.fr\/index.php\/produit\/la-retouche-photo\/","title":{"rendered":"La retouche photo"},"content":{"rendered":"<div class=\"flex-col gap-1 md:gap-3\">\n<div class=\"flex flex-grow flex-col gap-3 max-w-full\">\n<div class=\"min-h-[20px] flex flex-col items-start gap-3 whitespace-pre-wrap break-words overflow-x-auto\" data-message-author-role=\"assistant\" data-message-id=\"054e646a-198f-4e79-ae29-0d7de2576f49\">\n<div class=\"markdown prose w-full break-words dark:prose-invert dark\">\n<p>Dans cette formation vid\u00e9o de retouche photo ! Si vous \u00eates passionn\u00e9 par le nail art et souhaitez donner \u00e0 vos cr\u00e9ations une apparence encore plus professionnelle et \u00e9poustouflante, alors cette formation est faite pour vous.<\/p>\n<p>Au fil de cette formation captivante, vous d\u00e9couvrirez les secrets de la retouche photo sp\u00e9cialement adapt\u00e9e au nail art. Je vous guiderai \u00e0 travers des techniques de retouche avanc\u00e9es, vous permettant d&rsquo;am\u00e9liorer la nettet\u00e9, la couleur, le contraste et la perfection de chaque d\u00e9tail de vos cr\u00e9ations.<\/p>\n<p>Que vous soyez un professionnel du nail art cherchant \u00e0 sublimer vos portfolios ou un amateur souhaitant rendre vos cr\u00e9ations encore plus \u00e9blouissantes sur les r\u00e9seaux sociaux, cette formation vous donnera les comp\u00e9tences et les connaissances essentielles pour exceller dans l&rsquo;art de la retouche photo.<\/p>\n<p>Vous b\u00e9n\u00e9ficierez \u00e9galement d&rsquo;un certificat de formation, attestant le suivi de cette formation.<\/p>\n<p>De plus, avec un acc\u00e8s \u00e0 vie \u00e0 cette formation en ligne, vous pourrez revisiter le contenu \u00e0 votre rythme, approfondir vos comp\u00e9tences et rester constamment \u00e0 jour.<\/p>\n<\/div>\n<\/div>\n<\/div>\n<\/div>\n","protected":false},"excerpt":{"rendered":"<p>Dans cette formation vid\u00e9o de retouche photo ! Si vous \u00eates passionn\u00e9 par le nail art et souhaitez donner \u00e0 vos cr\u00e9ations une apparence encore plus professionnelle et \u00e9poustouflante, alors cette formation est faite pour vous. Au fil de cette formation captivante, vous d\u00e9couvrirez les secrets de la retouche photo sp\u00e9cialement adapt\u00e9e au nail art. [&hellip;]<\/p>\n","protected":false},"featured_media":1005,"comment_status":"open","ping_status":"closed","template":"","meta":[],"product_brand":[],"product_cat":[24],"product_tag":[21,23],"class_list":{"0":"post-284","1":"product","2":"type-product","3":"status-publish","4":"has-post-thumbnail","6":"product_cat-foamtions-videos","7":"product_tag-formation-videos","8":"product_tag-retouche-photo","10":"first","11":"instock","12":"sale","13":"downloadable","14":"shipping-taxable","15":"purchasable","16":"product-type-simple"},"yoast_head":"<!-- This site is optimized with the Yoast SEO plugin v25.3.1 - https:\/\/yoast.com\/wordpress\/plugins\/seo\/ -->\n<title>La retouche photo - CoralieMua<\/title>\n<meta name=\"description\" content=\"D\u00e9couvres mes astuces et conseils dans ma formation vid\u00e9o sur la retouche photos et d\u00e9veloppe une v\u00e9ritable image de marque sur tes r\u00e9seaux !\" \/>\n<meta name=\"robots\" content=\"index, follow, max-snippet:-1, max-image-preview:large, max-video-preview:-1\" \/>\n<link rel=\"canonical\" href=\"https:\/\/coraliemua.fr\/index.php\/produit\/la-retouche-photo\/\" \/>\n<meta property=\"og:locale\" content=\"fr_FR\" \/>\n<meta property=\"og:type\" content=\"article\" \/>\n<meta property=\"og:title\" content=\"La retouche photo - CoralieMua\" \/>\n<meta property=\"og:description\" content=\"D\u00e9couvres mes astuces et conseils dans ma formation vid\u00e9o sur la retouche photos et d\u00e9veloppe une v\u00e9ritable image de marque sur tes r\u00e9seaux !\" \/>\n<meta property=\"og:url\" content=\"https:\/\/coraliemua.fr\/index.php\/produit\/la-retouche-photo\/\" \/>\n<meta property=\"og:site_name\" content=\"CoralieMua\" \/>\n<meta property=\"article:modified_time\" content=\"2026-03-26T08:14:52+00:00\" \/>\n<meta property=\"og:image\" content=\"https:\/\/coraliemua.fr\/wp-content\/uploads\/2023\/10\/600x600-croco-1.png\" \/>\n\t<meta property=\"og:image:width\" content=\"600\" \/>\n\t<meta property=\"og:image:height\" content=\"600\" \/>\n\t<meta property=\"og:image:type\" content=\"image\/png\" \/>\n<meta name=\"twitter:card\" content=\"summary_large_image\" \/>\n<meta name=\"twitter:label1\" content=\"Dur\u00e9e de lecture estim\u00e9e\" \/>\n\t<meta name=\"twitter:data1\" content=\"1 minute\" \/>\n<script type=\"application\/ld+json\" class=\"yoast-schema-graph\">{\"@context\":\"https:\/\/schema.org\",\"@graph\":[{\"@type\":\"WebPage\",\"@id\":\"https:\/\/coraliemua.fr\/index.php\/produit\/la-retouche-photo\/\",\"url\":\"https:\/\/coraliemua.fr\/index.php\/produit\/la-retouche-photo\/\",\"name\":\"La retouche photo - CoralieMua\",\"isPartOf\":{\"@id\":\"https:\/\/coraliemua.fr\/#website\"},\"primaryImageOfPage\":{\"@id\":\"https:\/\/coraliemua.fr\/index.php\/produit\/la-retouche-photo\/#primaryimage\"},\"image\":{\"@id\":\"https:\/\/coraliemua.fr\/index.php\/produit\/la-retouche-photo\/#primaryimage\"},\"thumbnailUrl\":\"https:\/\/coraliemua.fr\/wp-content\/uploads\/2023\/10\/600x600-croco-1.png\",\"datePublished\":\"2023-10-26T09:52:54+00:00\",\"dateModified\":\"2026-03-26T08:14:52+00:00\",\"description\":\"D\u00e9couvres mes astuces et conseils dans ma formation vid\u00e9o sur la retouche photos et d\u00e9veloppe une v\u00e9ritable image de marque sur tes r\u00e9seaux !\",\"breadcrumb\":{\"@id\":\"https:\/\/coraliemua.fr\/index.php\/produit\/la-retouche-photo\/#breadcrumb\"},\"inLanguage\":\"fr-FR\",\"potentialAction\":[{\"@type\":\"ReadAction\",\"target\":[\"https:\/\/coraliemua.fr\/index.php\/produit\/la-retouche-photo\/\"]}]},{\"@type\":\"ImageObject\",\"inLanguage\":\"fr-FR\",\"@id\":\"https:\/\/coraliemua.fr\/index.php\/produit\/la-retouche-photo\/#primaryimage\",\"url\":\"https:\/\/coraliemua.fr\/wp-content\/uploads\/2023\/10\/600x600-croco-1.png\",\"contentUrl\":\"https:\/\/coraliemua.fr\/wp-content\/uploads\/2023\/10\/600x600-croco-1.png\",\"width\":600,\"height\":600},{\"@type\":\"BreadcrumbList\",\"@id\":\"https:\/\/coraliemua.fr\/index.php\/produit\/la-retouche-photo\/#breadcrumb\",\"itemListElement\":[{\"@type\":\"ListItem\",\"position\":1,\"name\":\"Accueil\",\"item\":\"https:\/\/coraliemua.fr\/\"},{\"@type\":\"ListItem\",\"position\":2,\"name\":\"Produits\",\"item\":\"https:\/\/coraliemua.fr\/index.php\/shop\/\"},{\"@type\":\"ListItem\",\"position\":3,\"name\":\"La retouche photo\"}]},{\"@type\":\"WebSite\",\"@id\":\"https:\/\/coraliemua.fr\/#website\",\"url\":\"https:\/\/coraliemua.fr\/\",\"name\":\"CoralieMua\",\"description\":\"Formations en ligne pour proth\u00e9siste ongulaire\",\"potentialAction\":[{\"@type\":\"SearchAction\",\"target\":{\"@type\":\"EntryPoint\",\"urlTemplate\":\"https:\/\/coraliemua.fr\/?s={search_term_string}\"},\"query-input\":{\"@type\":\"PropertyValueSpecification\",\"valueRequired\":true,\"valueName\":\"search_term_string\"}}],\"inLanguage\":\"fr-FR\"}]}<\/script>\n<!-- \/ Yoast SEO plugin. -->","yoast_head_json":{"title":"La retouche photo - CoralieMua","description":"D\u00e9couvres mes astuces et conseils dans ma formation vid\u00e9o sur la retouche photos et d\u00e9veloppe une v\u00e9ritable image de marque sur tes r\u00e9seaux !","robots":{"index":"index","follow":"follow","max-snippet":"max-snippet:-1","max-image-preview":"max-image-preview:large","max-video-preview":"max-video-preview:-1"},"canonical":"https:\/\/coraliemua.fr\/index.php\/produit\/la-retouche-photo\/","og_locale":"fr_FR","og_type":"article","og_title":"La retouche photo - CoralieMua","og_description":"D\u00e9couvres mes astuces et conseils dans ma formation vid\u00e9o sur la retouche photos et d\u00e9veloppe une v\u00e9ritable image de marque sur tes r\u00e9seaux !","og_url":"https:\/\/coraliemua.fr\/index.php\/produit\/la-retouche-photo\/","og_site_name":"CoralieMua","article_modified_time":"2026-03-26T08:14:52+00:00","og_image":[{"width":600,"height":600,"url":"https:\/\/coraliemua.fr\/wp-content\/uploads\/2023\/10\/600x600-croco-1.png","type":"image\/png"}],"twitter_card":"summary_large_image","twitter_misc":{"Dur\u00e9e de lecture estim\u00e9e":"1 minute"},"schema":{"@context":"https:\/\/schema.org","@graph":[{"@type":"WebPage","@id":"https:\/\/coraliemua.fr\/index.php\/produit\/la-retouche-photo\/","url":"https:\/\/coraliemua.fr\/index.php\/produit\/la-retouche-photo\/","name":"La retouche photo - CoralieMua","isPartOf":{"@id":"https:\/\/coraliemua.fr\/#website"},"primaryImageOfPage":{"@id":"https:\/\/coraliemua.fr\/index.php\/produit\/la-retouche-photo\/#primaryimage"},"image":{"@id":"https:\/\/coraliemua.fr\/index.php\/produit\/la-retouche-photo\/#primaryimage"},"thumbnailUrl":"https:\/\/coraliemua.fr\/wp-content\/uploads\/2023\/10\/600x600-croco-1.png","datePublished":"2023-10-26T09:52:54+00:00","dateModified":"2026-03-26T08:14:52+00:00","description":"D\u00e9couvres mes astuces et conseils dans ma formation vid\u00e9o sur la retouche photos et d\u00e9veloppe une v\u00e9ritable image de marque sur tes r\u00e9seaux !","breadcrumb":{"@id":"https:\/\/coraliemua.fr\/index.php\/produit\/la-retouche-photo\/#breadcrumb"},"inLanguage":"fr-FR","potentialAction":[{"@type":"ReadAction","target":["https:\/\/coraliemua.fr\/index.php\/produit\/la-retouche-photo\/"]}]},{"@type":"ImageObject","inLanguage":"fr-FR","@id":"https:\/\/coraliemua.fr\/index.php\/produit\/la-retouche-photo\/#primaryimage","url":"https:\/\/coraliemua.fr\/wp-content\/uploads\/2023\/10\/600x600-croco-1.png","contentUrl":"https:\/\/coraliemua.fr\/wp-content\/uploads\/2023\/10\/600x600-croco-1.png","width":600,"height":600},{"@type":"BreadcrumbList","@id":"https:\/\/coraliemua.fr\/index.php\/produit\/la-retouche-photo\/#breadcrumb","itemListElement":[{"@type":"ListItem","position":1,"name":"Accueil","item":"https:\/\/coraliemua.fr\/"},{"@type":"ListItem","position":2,"name":"Produits","item":"https:\/\/coraliemua.fr\/index.php\/shop\/"},{"@type":"ListItem","position":3,"name":"La retouche photo"}]},{"@type":"WebSite","@id":"https:\/\/coraliemua.fr\/#website","url":"https:\/\/coraliemua.fr\/","name":"CoralieMua","description":"Formations en ligne pour proth\u00e9siste ongulaire","potentialAction":[{"@type":"SearchAction","target":{"@type":"EntryPoint","urlTemplate":"https:\/\/coraliemua.fr\/?s={search_term_string}"},"query-input":{"@type":"PropertyValueSpecification","valueRequired":true,"valueName":"search_term_string"}}],"inLanguage":"fr-FR"}]}},"_links":{"self":[{"href":"https:\/\/coraliemua.fr\/index.php\/wp-json\/wp\/v2\/product\/284","targetHints":{"allow":["GET"]}}],"collection":[{"href":"https:\/\/coraliemua.fr\/index.php\/wp-json\/wp\/v2\/product"}],"about":[{"href":"https:\/\/coraliemua.fr\/index.php\/wp-json\/wp\/v2\/types\/product"}],"replies":[{"embeddable":true,"href":"https:\/\/coraliemua.fr\/index.php\/wp-json\/wp\/v2\/comments?post=284"}],"wp:featuredmedia":[{"embeddable":true,"href":"https:\/\/coraliemua.fr\/index.php\/wp-json\/wp\/v2\/media\/1005"}],"wp:attachment":[{"href":"https:\/\/coraliemua.fr\/index.php\/wp-json\/wp\/v2\/media?parent=284"}],"wp:term":[{"taxonomy":"product_brand","embeddable":true,"href":"https:\/\/coraliemua.fr\/index.php\/wp-json\/wp\/v2\/product_brand?post=284"},{"taxonomy":"product_cat","embeddable":true,"href":"https:\/\/coraliemua.fr\/index.php\/wp-json\/wp\/v2\/product_cat?post=284"},{"taxonomy":"product_tag","embeddable":true,"href":"https:\/\/coraliemua.fr\/index.php\/wp-json\/wp\/v2\/product_tag?post=284"}],"curies":[{"name":"wp","href":"https:\/\/api.w.org\/{rel}","templated":true}]}}